{"id":786,"date":"2014-05-19T14:51:31","date_gmt":"2014-05-19T14:51:31","guid":{"rendered":"http:\/\/www.mundomuseo.com\/?page_id=786"},"modified":"2017-03-29T09:01:46","modified_gmt":"2017-03-29T09:01:46","slug":"colecciones-2","status":"publish","type":"page","link":"https:\/\/www.mundomuseo.com\/?page_id=786","title":{"rendered":"Colecciones"},"content":{"rendered":"<p><em><strong>El coleccionismo es una afici\u00f3n que nos sirve de entretenimiento y evasi\u00f3n en nuestra vida cotidiana, ademas con el tiempo podemos ense\u00f1ar\u00a0<\/strong><\/em><em><strong>cosas de nuestra historia.\u00a0<\/strong><\/em><\/p>\n<p><a href=\"http:\/\/www.mundomuseo.com\/?page_id=1094\"><img loading=\"lazy\" decoding=\"async\" class=\"alignnone wp-image-1661\" title=\"MINIATURAS\" src=\"http:\/\/www.mundomuseo.com\/wp-content\/uploads\/2014\/05\/MM-Miniaturas-d-1-640x480-285x300.jpg\" alt=\"MM Miniaturas d 1 [640x480]\" width=\"190\" height=\"200\" srcset=\"https:\/\/www.mundomuseo.com\/wp-content\/uploads\/2014\/05\/MM-Miniaturas-d-1-640x480-285x300.jpg 285w, https:\/\/www.mundomuseo.com\/wp-content\/uploads\/2014\/05\/MM-Miniaturas-d-1-640x480.jpg 456w\" sizes=\"auto, (max-width: 190px) 100vw, 190px\" \/><\/a><a href=\"http:\/\/www.mundomuseo.com\/?page_id=230\"><img loading=\"lazy\" decoding=\"async\" class=\"alignnone wp-image-1663\" title=\"MINERALES FOSILES Y CONCHAS\" src=\"http:\/\/www.mundomuseo.com\/wp-content\/uploads\/2014\/05\/MIN-minerales-b1-640x480-274x300.jpg\" alt=\"MIN minerales b1 [640x480]\" width=\"181\" height=\"198\" srcset=\"https:\/\/www.mundomuseo.com\/wp-content\/uploads\/2014\/05\/MIN-minerales-b1-640x480-274x300.jpg 274w, https:\/\/www.mundomuseo.com\/wp-content\/uploads\/2014\/05\/MIN-minerales-b1-640x480.jpg 439w\" sizes=\"auto, (max-width: 181px) 100vw, 181px\" \/><\/a><a href=\"http:\/\/www.mundomuseo.com\/?page_id=1273\"><img loading=\"lazy\" decoding=\"async\" class=\"alignnone wp-image-1694\" title=\"VIDRIO CRISTAL\" src=\"http:\/\/www.mundomuseo.com\/wp-content\/uploads\/2014\/05\/VC-Vidrio-cristal-b-1-640x480-292x300.jpg\" alt=\"VC Vidrio cristal b 1 [640x480]\" width=\"193\" height=\"198\" srcset=\"https:\/\/www.mundomuseo.com\/wp-content\/uploads\/2014\/05\/VC-Vidrio-cristal-b-1-640x480-292x300.jpg 292w, https:\/\/www.mundomuseo.com\/wp-content\/uploads\/2014\/05\/VC-Vidrio-cristal-b-1-640x480.jpg 467w\" sizes=\"auto, (max-width: 193px) 100vw, 193px\" \/><\/a><a href=\"http:\/\/www.mundomuseo.com\/?page_id=641\"><img loading=\"lazy\" decoding=\"async\" class=\"alignnone wp-image-1668\" title=\"AZUCARILLOS CERILLAS Y LLAVEROS\" src=\"http:\/\/www.mundomuseo.com\/wp-content\/uploads\/2014\/05\/MM-Cerillas-1a-640x480-276x300.jpg\" alt=\"MM Cerillas 1a [640x480]\" width=\"190\" height=\"206\" srcset=\"https:\/\/www.mundomuseo.com\/wp-content\/uploads\/2014\/05\/MM-Cerillas-1a-640x480-276x300.jpg 276w, https:\/\/www.mundomuseo.com\/wp-content\/uploads\/2014\/05\/MM-Cerillas-1a-640x480.jpg 441w\" sizes=\"auto, (max-width: 190px) 100vw, 190px\" \/><\/a><a href=\"http:\/\/www.mundomuseo.com\/?page_id=1082\"><img loading=\"lazy\" decoding=\"async\" class=\"alignnone wp-image-1671\" title=\"TARJETAS POSTALES\" src=\"http:\/\/www.mundomuseo.com\/wp-content\/uploads\/2014\/05\/MM-Postales-a-1-640x480-291x300.jpg\" alt=\"MM Postales a 1 [640x480]\" width=\"197\" height=\"203\" srcset=\"https:\/\/www.mundomuseo.com\/wp-content\/uploads\/2014\/05\/MM-Postales-a-1-640x480-291x300.jpg 291w, https:\/\/www.mundomuseo.com\/wp-content\/uploads\/2014\/05\/MM-Postales-a-1-640x480.jpg 466w\" sizes=\"auto, (max-width: 197px) 100vw, 197px\" \/><\/a><a href=\"http:\/\/www.mundomuseo.com\/?page_id=1325\"><img loading=\"lazy\" decoding=\"async\" class=\"alignnone wp-image-1673\" title=\"MECHEROS\" src=\"http:\/\/www.mundomuseo.com\/wp-content\/uploads\/2014\/05\/MM-Mecheros-1a1-640x480-292x300.jpg\" alt=\"MM Mecheros 1a1 [640x480]\" width=\"196\" height=\"201\" srcset=\"https:\/\/www.mundomuseo.com\/wp-content\/uploads\/2014\/05\/MM-Mecheros-1a1-640x480-292x300.jpg 292w, https:\/\/www.mundomuseo.com\/wp-content\/uploads\/2014\/05\/MM-Mecheros-1a1-640x480.jpg 467w\" sizes=\"auto, (max-width: 196px) 100vw, 196px\" \/><\/a>\u00a0\u00a0<a href=\" http:\/\/www.mundomuseo.com\/?page_id=1814\"><img loading=\"lazy\" decoding=\"async\" class=\"alignnone wp-image-1815\" title=\"NUMISMATICA\" src=\"http:\/\/www.mundomuseo.com\/wp-content\/uploads\/2017\/03\/Numismatica-b-640x480-281x300.jpg\" alt=\"\" width=\"184\" height=\"196\" srcset=\"https:\/\/www.mundomuseo.com\/wp-content\/uploads\/2017\/03\/Numismatica-b-640x480-281x300.jpg 281w, https:\/\/www.mundomuseo.com\/wp-content\/uploads\/2017\/03\/Numismatica-b-640x480.jpg 450w\" sizes=\"auto, (max-width: 184px) 100vw, 184px\" \/><\/a><\/p>\n","protected":false},"excerpt":{"rendered":"<p>El coleccionismo es una afici\u00f3n que nos sirve de entretenimiento y evasi\u00f3n en nuestra vida cotidiana, ademas con el tiempo podemos ense\u00f1ar\u00a0cosas de nuestra historia.\u00a0 \u00a0\u00a0<\/p>\n","protected":false},"author":1,"featured_media":0,"parent":0,"menu_order":4,"comment_status":"closed","ping_status":"closed","template":"","meta":{"ngg_post_thumbnail":0,"footnotes":""},"class_list":["post-786","page","type-page","status-publish","hentry"],"_links":{"self":[{"href":"https:\/\/www.mundomuseo.com\/index.php?rest_route=\/wp\/v2\/pages\/786","targetHints":{"allow":["GET"]}}],"collection":[{"href":"https:\/\/www.mundomuseo.com\/index.php?rest_route=\/wp\/v2\/pages"}],"about":[{"href":"https:\/\/www.mundomuseo.com\/index.php?rest_route=\/wp\/v2\/types\/page"}],"author":[{"embeddable":true,"href":"https:\/\/www.mundomuseo.com\/index.php?rest_route=\/wp\/v2\/users\/1"}],"replies":[{"embeddable":true,"href":"https:\/\/www.mundomuseo.com\/index.php?rest_route=%2Fwp%2Fv2%2Fcomments&post=786"}],"version-history":[{"count":10,"href":"https:\/\/www.mundomuseo.com\/index.php?rest_route=\/wp\/v2\/pages\/786\/revisions"}],"predecessor-version":[{"id":1822,"href":"https:\/\/www.mundomuseo.com\/index.php?rest_route=\/wp\/v2\/pages\/786\/revisions\/1822"}],"wp:attachment":[{"href":"https:\/\/www.mundomuseo.com\/index.php?rest_route=%2Fwp%2Fv2%2Fmedia&parent=786"}],"curies":[{"name":"wp","href":"https:\/\/api.w.org\/{rel}","templated":true}]}}