{"id":475,"date":"2014-04-01T15:55:50","date_gmt":"2014-04-01T15:55:50","guid":{"rendered":"http:\/\/www.mundomuseo.com\/?page_id=475"},"modified":"2015-07-20T16:25:54","modified_gmt":"2015-07-20T16:25:54","slug":"crucero-mediterraneo","status":"publish","type":"page","link":"https:\/\/www.mundomuseo.com\/?page_id=475","title":{"rendered":"Crucero Mediterraneo"},"content":{"rendered":"<p><em><strong>Primera experiencia\u00a0en esta\u00a0forma de viajar, es diferente, c\u00f3modo y confortable, recorriendo varios lugares sin tener que moverte de alojamiento, ademas de lujo, espect\u00e1culos y ocio para el tiempo libre, nuestra ruta fue Sicilia, Napoles-Pompeya, Roma, y Cerde\u00f1a, lugares con encanto, disfruta con estos v\u00eddeos de los lugares visitados.<\/strong><\/em><\/p>\n<p>&nbsp;<\/p>\n<p><em><strong><span style=\"color: #0000ff;\">Crucero<\/span>: interior de nuestro buque.<\/strong><\/em><\/p>\n<p><a title=\"V\u00eddeo Crucero\" href=\"http:\/\/www.youtube.com\/watch?v=6VqLTthciAE\" target=\"_blank\"><img loading=\"lazy\" decoding=\"async\" class=\"alignnone size-medium wp-image-498\" src=\"http:\/\/www.mundomuseo.com\/wp-content\/uploads\/2014\/04\/DSCN0001-b-640x480-300x75.jpg\" alt=\"DSCN0001  b [640x480]\" width=\"300\" height=\"75\" srcset=\"https:\/\/www.mundomuseo.com\/wp-content\/uploads\/2014\/04\/DSCN0001-b-640x480-300x75.jpg 300w, https:\/\/www.mundomuseo.com\/wp-content\/uploads\/2014\/04\/DSCN0001-b-640x480-1024x257.jpg 1024w, https:\/\/www.mundomuseo.com\/wp-content\/uploads\/2014\/04\/DSCN0001-b-640x480.jpg 1918w\" sizes=\"auto, (max-width: 300px) 100vw, 300px\" \/><\/a><\/p>\n<p>&nbsp;<\/p>\n<p><em><strong><span style=\"color: #0000ff;\">Sicilia<\/span>: desembarcamos en Trapani, visitamos Seguesta y Erice.\u00a0<\/strong><\/em><\/p>\n<p><a title=\"V\u00eddeo Sicilia\" href=\"https:\/\/www.youtube.com\/watch?v=hg3niBFKw4o\" target=\"_blank\"><img loading=\"lazy\" decoding=\"async\" class=\"alignnone size-medium wp-image-503\" src=\"http:\/\/www.mundomuseo.com\/wp-content\/uploads\/2014\/04\/dscn0462-a-300x76.jpg\" alt=\"dscn0462 a\" width=\"300\" height=\"76\" srcset=\"https:\/\/www.mundomuseo.com\/wp-content\/uploads\/2014\/04\/dscn0462-a-300x76.jpg 300w, https:\/\/www.mundomuseo.com\/wp-content\/uploads\/2014\/04\/dscn0462-a-1024x260.jpg 1024w, https:\/\/www.mundomuseo.com\/wp-content\/uploads\/2014\/04\/dscn0462-a.jpg 1904w\" sizes=\"auto, (max-width: 300px) 100vw, 300px\" \/><\/a><\/p>\n<p>&nbsp;<\/p>\n<p>&nbsp;<\/p>\n<p><em><strong><span style=\"color: #0000ff;\">Napoles-Pompeya<\/span>: recorrido por Napoles y Pompeya.<\/strong><\/em><\/p>\n<p><a title=\"V\u00eddeo N\u00e1poles Pompeya\" href=\"https:\/\/www.youtube.com\/watch?v=9RuDszf1dNQ\" target=\"_blank\"><img loading=\"lazy\" decoding=\"async\" class=\"alignnone size-medium wp-image-507\" src=\"http:\/\/www.mundomuseo.com\/wp-content\/uploads\/2014\/04\/dscn0752-a-300x76.jpg\" alt=\"dscn0752-a\" width=\"300\" height=\"76\" \/><\/a><\/p>\n<p>&nbsp;<\/p>\n<p><em><strong><span style=\"color: #0000ff;\">Roma<\/span>: r\u00e1pido recorrido por la ciudad eterna.<\/strong><\/em><\/p>\n<p><a title=\"V\u00eddeo Roma\" href=\"https:\/\/www.youtube.com\/watch?v=wzGFFHvsybQ\" target=\"_blank\"><img loading=\"lazy\" decoding=\"async\" class=\"alignnone size-medium wp-image-515\" src=\"http:\/\/www.mundomuseo.com\/wp-content\/uploads\/2014\/04\/dscn1281-1a-300x75.jpg\" alt=\"dscn1281-1a\" width=\"300\" height=\"75\" srcset=\"https:\/\/www.mundomuseo.com\/wp-content\/uploads\/2014\/04\/dscn1281-1a-300x75.jpg 300w, https:\/\/www.mundomuseo.com\/wp-content\/uploads\/2014\/04\/dscn1281-1a-1024x258.jpg 1024w, https:\/\/www.mundomuseo.com\/wp-content\/uploads\/2014\/04\/dscn1281-1a.jpg 1912w\" sizes=\"auto, (max-width: 300px) 100vw, 300px\" \/><\/a><\/p>\n<p>&nbsp;<\/p>\n<p><em><strong><span style=\"color: #0000ff;\">Cerde\u00f1a<\/span>: desembarcamos en Porto Torres, visitamos Alguero y el parque natural de Porto Conte.<\/strong><\/em><\/p>\n<p><a title=\"V\u00eddeo Cerde\u00f1a\" href=\"https:\/\/www.youtube.com\/watch?v=aBxNDoKWJWw\" target=\"_blank\"><img loading=\"lazy\" decoding=\"async\" class=\"alignnone size-medium wp-image-525\" src=\"http:\/\/www.mundomuseo.com\/wp-content\/uploads\/2014\/04\/dscn1578-1a-300x78.jpg\" alt=\"dscn1578-1a\" width=\"300\" height=\"78\" srcset=\"https:\/\/www.mundomuseo.com\/wp-content\/uploads\/2014\/04\/dscn1578-1a-300x78.jpg 300w, https:\/\/www.mundomuseo.com\/wp-content\/uploads\/2014\/04\/dscn1578-1a-1024x267.jpg 1024w, https:\/\/www.mundomuseo.com\/wp-content\/uploads\/2014\/04\/dscn1578-1a.jpg 1906w\" sizes=\"auto, (max-width: 300px) 100vw, 300px\" \/><\/a><\/p>\n<p>&nbsp;<\/p>\n<p>&nbsp;<\/p>\n","protected":false},"excerpt":{"rendered":"<p>Primera experiencia\u00a0en esta\u00a0forma de viajar, es diferente, c\u00f3modo y confortable, recorriendo varios lugares sin tener que moverte de alojamiento, ademas de lujo, espect\u00e1culos y ocio para el tiempo libre, nuestra ruta fue Sicilia, Napoles-Pompeya, Roma, y Cerde\u00f1a, lugares con encanto, disfruta con estos v\u00eddeos de los lugares visitados. &nbsp; Crucero: interior de nuestro buque. &nbsp; [&hellip;]<\/p>\n","protected":false},"author":1,"featured_media":0,"parent":1152,"menu_order":0,"comment_status":"closed","ping_status":"closed","template":"","meta":{"ngg_post_thumbnail":0,"footnotes":""},"class_list":["post-475","page","type-page","status-publish","hentry"],"_links":{"self":[{"href":"https:\/\/www.mundomuseo.com\/index.php?rest_route=\/wp\/v2\/pages\/475","targetHints":{"allow":["GET"]}}],"collection":[{"href":"https:\/\/www.mundomuseo.com\/index.php?rest_route=\/wp\/v2\/pages"}],"about":[{"href":"https:\/\/www.mundomuseo.com\/index.php?rest_route=\/wp\/v2\/types\/page"}],"author":[{"embeddable":true,"href":"https:\/\/www.mundomuseo.com\/index.php?rest_route=\/wp\/v2\/users\/1"}],"replies":[{"embeddable":true,"href":"https:\/\/www.mundomuseo.com\/index.php?rest_route=%2Fwp%2Fv2%2Fcomments&post=475"}],"version-history":[{"count":10,"href":"https:\/\/www.mundomuseo.com\/index.php?rest_route=\/wp\/v2\/pages\/475\/revisions"}],"predecessor-version":[{"id":479,"href":"https:\/\/www.mundomuseo.com\/index.php?rest_route=\/wp\/v2\/pages\/475\/revisions\/479"}],"up":[{"embeddable":true,"href":"https:\/\/www.mundomuseo.com\/index.php?rest_route=\/wp\/v2\/pages\/1152"}],"wp:attachment":[{"href":"https:\/\/www.mundomuseo.com\/index.php?rest_route=%2Fwp%2Fv2%2Fmedia&parent=475"}],"curies":[{"name":"wp","href":"https:\/\/api.w.org\/{rel}","templated":true}]}}