{"id":453,"date":"2014-03-05T17:01:33","date_gmt":"2014-03-05T17:01:33","guid":{"rendered":"http:\/\/www.mundomuseo.com\/?page_id=453"},"modified":"2017-02-03T10:43:51","modified_gmt":"2017-02-03T10:43:51","slug":"parque-europa-torrejon","status":"publish","type":"page","link":"https:\/\/www.mundomuseo.com\/?page_id=453","title":{"rendered":"Parque Europa Torrejon"},"content":{"rendered":"<p>&nbsp;<\/p>\n<p><strong>Parque en el que te podr\u00e1s recrear viendo lugares emblem\u00e1ticos de todo nuestro continente europeo, sin tener que hacer grandes desplazamientos, saliendo de \u00e9l como si hubieras realizado un gran viaje, rec\u00f3rrelo en este v\u00eddeo<\/strong><\/p>\n<p>&nbsp;<\/p>\n<p><a title=\"V\u00eddeo Parque Europa\" href=\"https:\/\/www.youtube.com\/watch?v=tMdsiFf0Iaw\" target=\"_blank\"><img loading=\"lazy\" decoding=\"async\" class=\"alignnone wp-image-621\" src=\"http:\/\/www.mundomuseo.com\/wp-content\/uploads\/2014\/03\/dscn2278-1a-300x75.jpg\" alt=\"dscn2278-1a\" width=\"469\" height=\"154\" \/><\/a>\u00a0 \u00a0 \u00a0\u00a0\u00a0 <iframe loading=\"lazy\" src=\"https:\/\/www.youtube.com\/embed\/tMdsiFf0Iaw\" width=\"202\" height=\"152\" frameborder=\"0\" allowfullscreen=\"allowfullscreen\"><\/iframe><\/p>\n","protected":false},"excerpt":{"rendered":"<p>&nbsp; Parque en el que te podr\u00e1s recrear viendo lugares emblem\u00e1ticos de todo nuestro continente europeo, sin tener que hacer grandes desplazamientos, saliendo de \u00e9l como si hubieras realizado un gran viaje, rec\u00f3rrelo en este v\u00eddeo &nbsp; \u00a0 \u00a0 \u00a0\u00a0\u00a0<\/p>\n","protected":false},"author":1,"featured_media":0,"parent":1461,"menu_order":1,"comment_status":"closed","ping_status":"closed","template":"","meta":{"ngg_post_thumbnail":0,"footnotes":""},"class_list":["post-453","page","type-page","status-publish","hentry"],"_links":{"self":[{"href":"https:\/\/www.mundomuseo.com\/index.php?rest_route=\/wp\/v2\/pages\/453","targetHints":{"allow":["GET"]}}],"collection":[{"href":"https:\/\/www.mundomuseo.com\/index.php?rest_route=\/wp\/v2\/pages"}],"about":[{"href":"https:\/\/www.mundomuseo.com\/index.php?rest_route=\/wp\/v2\/types\/page"}],"author":[{"embeddable":true,"href":"https:\/\/www.mundomuseo.com\/index.php?rest_route=\/wp\/v2\/users\/1"}],"replies":[{"embeddable":true,"href":"https:\/\/www.mundomuseo.com\/index.php?rest_route=%2Fwp%2Fv2%2Fcomments&post=453"}],"version-history":[{"count":10,"href":"https:\/\/www.mundomuseo.com\/index.php?rest_route=\/wp\/v2\/pages\/453\/revisions"}],"predecessor-version":[{"id":1566,"href":"https:\/\/www.mundomuseo.com\/index.php?rest_route=\/wp\/v2\/pages\/453\/revisions\/1566"}],"up":[{"embeddable":true,"href":"https:\/\/www.mundomuseo.com\/index.php?rest_route=\/wp\/v2\/pages\/1461"}],"wp:attachment":[{"href":"https:\/\/www.mundomuseo.com\/index.php?rest_route=%2Fwp%2Fv2%2Fmedia&parent=453"}],"curies":[{"name":"wp","href":"https:\/\/api.w.org\/{rel}","templated":true}]}}