{"id":450,"date":"2014-03-04T16:41:48","date_gmt":"2014-03-04T16:41:48","guid":{"rendered":"http:\/\/www.mundomuseo.com\/?page_id=450"},"modified":"2015-07-20T16:25:54","modified_gmt":"2015-07-20T16:25:54","slug":"centro-europa","status":"publish","type":"page","link":"https:\/\/www.mundomuseo.com\/?page_id=450","title":{"rendered":"Centro Europa"},"content":{"rendered":"<p>&nbsp;<\/p>\n<p><em><strong>Recorrido por cuatro ciudades del centro de Europa, Praga con Carlovy Vary, Bratislava, Budapest y Viena, capitales con mucha historia, cada una con su encanto particular, disfrutemos de la gran variedad de espacios y rincones que en cada una podemos descubrir, \u00a0visitalas con estos v\u00eddeos.\u00a0<\/strong><\/em><\/p>\n<p><em><strong><span style=\"color: #0000ff;\">Praga<\/span>: Capital de la Rep\u00fablica Checa, ciudad rom\u00e1ntica cargada de leyendas, tesoros arquitect\u00f3nicos, lugar de sensaciones y encantos inolvidables.\u00a0<\/strong><\/em><\/p>\n<p><a title=\"Praga\" href=\"https:\/\/www.youtube.com\/watch?v=M7Kjv3YJc6w\" target=\"_blank\"><img loading=\"lazy\" decoding=\"async\" class=\"alignnone  wp-image-656\" src=\"http:\/\/www.mundomuseo.com\/wp-content\/uploads\/2014\/03\/dscn150b-1b-300x76.jpg\" alt=\"dscn150b-1b\" width=\"323\" height=\"91\" \/><\/a><\/p>\n<p><em><strong><span style=\"color: #0000ff;\">Karlovy Vary<\/span>: nombre que recibe del emperador Carlos VI que fundo en 1350, ciudad \u00a0famosa por sus fuentes termales, su arquitectura y su entorno.<\/strong><\/em><\/p>\n<p><a title=\"Karlovy Vary\" href=\"https:\/\/www.youtube.com\/watch?v=34DuAQR3KfA\" target=\"_blank\"><img loading=\"lazy\" decoding=\"async\" class=\"alignnone  wp-image-660\" src=\"http:\/\/www.mundomuseo.com\/wp-content\/uploads\/2014\/03\/dscn0404-1b-300x76.jpg\" alt=\"dscn0404-1b\" width=\"324\" height=\"92\" \/><\/a><\/p>\n<p><em><strong><span style=\"color: #0000ff;\">Bratislava<\/span>: Capital de Eslovaquia, cruce de caminos entre el N y el S, el E y el O de Europa, a orillas del Danubio, lugar id\u00f3neo para el relax y el disfrute de una ciudad acogedora.<\/strong><\/em><\/p>\n<p><a title=\"Bratislava\" href=\"https:\/\/www.youtube.com\/watch?v=E8jnj1t9v74\" target=\"_blank\"><img loading=\"lazy\" decoding=\"async\" class=\"alignnone  wp-image-661\" src=\"http:\/\/www.mundomuseo.com\/wp-content\/uploads\/2014\/03\/dscn0575-1b-300x76.jpg\" alt=\"dscn0575-1b\" width=\"320\" height=\"95\" \/><\/a><\/p>\n<p><em><strong><span style=\"color: #0000ff;\">Budapest<\/span>: ciudad conocida como la perla del Danubio, r\u00edo que divide y une las ciudades de Buda y Pest, para formar una de las capitales mas interesantes de Europa.<\/strong><\/em><\/p>\n<p><a title=\"Budapest\" href=\"https:\/\/www.youtube.com\/watch?v=r_f0BHZPVM4\" target=\"_blank\"><img loading=\"lazy\" decoding=\"async\" class=\"alignnone  wp-image-663\" src=\"http:\/\/www.mundomuseo.com\/wp-content\/uploads\/2014\/03\/dscn0780-1b-300x75.jpg\" alt=\"dscn0780-1b\" width=\"320\" height=\"96\" \/><\/a><\/p>\n<p><em><strong><span style=\"color: #0000ff;\">Viena<\/span>: Ciudad de emperadores, con palacios, arquitectura y arte desde la Edad Media al Art Nouveau, donde disfrutar de esto y mucho mas.<\/strong><\/em><\/p>\n<p><a title=\"Viena\" href=\"https:\/\/www.youtube.com\/watch?v=xgd9iM-5_6Y\" target=\"_blank\"><img loading=\"lazy\" decoding=\"async\" class=\"alignnone  wp-image-664\" src=\"http:\/\/www.mundomuseo.com\/wp-content\/uploads\/2014\/03\/dscn1149-1b-300x76.jpg\" alt=\"dscn1149-1b\" width=\"320\" height=\"93\" \/><\/a><\/p>\n<p>&nbsp;<\/p>\n<p><em><strong>\u00a0 \u00a0 \u00a0 \u00a0 \u00a0 \u00a0 \u00a0 \u00a0 \u00a0 \u00a0 \u00a0 \u00a0 \u00a0 \u00a0 \u00a0 \u00a0 \u00a0 \u00a0 \u00a0 \u00a0 \u00a0 \u00a0 \u00a0 \u00a0 \u00a0 \u00a0 \u00a0 \u00a0 \u00a0 \u00a0 \u00a0 \u00a0 \u00a0 \u00a0 \u00a0 \u00a0 \u00a0 \u00a0 \u00a0 \u00a0 \u00a0 \u00a0 \u00a0 \u00a0 \u00a0 \u00a0 \u00a0 \u00a0 \u00a0 \u00a0 \u00a0 \u00a0 \u00a0 \u00a0 \u00a0 \u00a0 \u00a0 \u00a0 \u00a0 \u00a0 \u00a0 \u00a0 \u00a0 \u00a0 \u00a0 \u00a0 \u00a0 \u00a0 \u00a0 \u00a0 \u00a0 \u00a0 \u00a0 \u00a0 \u00a0 \u00a0 \u00a0 \u00a0 \u00a0 \u00a0 \u00a0 \u00a0 \u00a0 \u00a0 \u00a0 \u00a0 \u00a0 \u00a0 \u00a0 \u00a0 \u00a0 \u00a0 \u00a0 \u00a0 \u00a0 \u00a0 \u00a0Viaje realizado con \u00a0 \u00a0 \u00a0 \u00a0 \u00a0 \u00a0 \u00a0 \u00a0 \u00a0\u00a0<\/strong><\/em><em><strong>\u00a0 \u00a0 \u00a0 \u00a0 \u00a0 \u00a0 \u00a0 \u00a0 \u00a0 \u00a0 \u00a0 \u00a0 \u00a0 \u00a0 \u00a0 \u00a0 \u00a0 \u00a0 \u00a0 \u00a0 \u00a0 \u00a0 \u00a0 \u00a0 \u00a0 \u00a0 \u00a0 \u00a0 \u00a0 \u00a0 \u00a0 \u00a0 \u00a0 \u00a0 \u00a0 \u00a0 \u00a0 \u00a0 \u00a0 \u00a0 \u00a0 \u00a0 \u00a0 \u00a0 \u00a0 \u00a0 \u00a0 \u00a0 \u00a0 \u00a0 \u00a0 \u00a0 \u00a0 \u00a0 \u00a0 \u00a0 \u00a0 \u00a0 \u00a0 \u00a0 \u00a0 \u00a0 \u00a0 \u00a0 \u00a0 \u00a0 \u00a0 \u00a0 \u00a0 \u00a0 \u00a0 \u00a0 \u00a0 \u00a0 \u00a0 \u00a0 \u00a0 \u00a0 \u00a0 \u00a0 \u00a0 \u00a0 \u00a0 \u00a0 \u00a0 \u00a0 \u00a0 \u00a0 \u00a0 \u00a0 \u00a0 \u00a0 \u00a0 \u00a0 \u00a0 \u00a0 \u00a0 \u00a0 \u00a0<a title=\"Agencia de viajes\" href=\"http:\/\/www.rivastours.es\" target=\"_blank\"><img loading=\"lazy\" decoding=\"async\" class=\"alignnone  wp-image-1243\" src=\"http:\/\/www.mundomuseo.com\/wp-content\/uploads\/2014\/09\/logo.jpg\" alt=\"logo\" width=\"165\" height=\"69\" \/><\/a><\/strong><\/em><\/p>\n","protected":false},"excerpt":{"rendered":"<p>&nbsp; Recorrido por cuatro ciudades del centro de Europa, Praga con Carlovy Vary, Bratislava, Budapest y Viena, capitales con mucha historia, cada una con su encanto particular, disfrutemos de la gran variedad de espacios y rincones que en cada una podemos descubrir, \u00a0visitalas con estos v\u00eddeos.\u00a0 Praga: Capital de la Rep\u00fablica Checa, ciudad rom\u00e1ntica cargada [&hellip;]<\/p>\n","protected":false},"author":1,"featured_media":0,"parent":18,"menu_order":0,"comment_status":"closed","ping_status":"closed","template":"","meta":{"ngg_post_thumbnail":0,"footnotes":""},"class_list":["post-450","page","type-page","status-publish","hentry"],"_links":{"self":[{"href":"https:\/\/www.mundomuseo.com\/index.php?rest_route=\/wp\/v2\/pages\/450","targetHints":{"allow":["GET"]}}],"collection":[{"href":"https:\/\/www.mundomuseo.com\/index.php?rest_route=\/wp\/v2\/pages"}],"about":[{"href":"https:\/\/www.mundomuseo.com\/index.php?rest_route=\/wp\/v2\/types\/page"}],"author":[{"embeddable":true,"href":"https:\/\/www.mundomuseo.com\/index.php?rest_route=\/wp\/v2\/users\/1"}],"replies":[{"embeddable":true,"href":"https:\/\/www.mundomuseo.com\/index.php?rest_route=%2Fwp%2Fv2%2Fcomments&post=450"}],"version-history":[{"count":10,"href":"https:\/\/www.mundomuseo.com\/index.php?rest_route=\/wp\/v2\/pages\/450\/revisions"}],"predecessor-version":[{"id":1266,"href":"https:\/\/www.mundomuseo.com\/index.php?rest_route=\/wp\/v2\/pages\/450\/revisions\/1266"}],"up":[{"embeddable":true,"href":"https:\/\/www.mundomuseo.com\/index.php?rest_route=\/wp\/v2\/pages\/18"}],"wp:attachment":[{"href":"https:\/\/www.mundomuseo.com\/index.php?rest_route=%2Fwp%2Fv2%2Fmedia&parent=450"}],"curies":[{"name":"wp","href":"https:\/\/api.w.org\/{rel}","templated":true}]}}