{"id":1779,"date":"2017-03-22T08:22:43","date_gmt":"2017-03-22T08:22:43","guid":{"rendered":"http:\/\/www.mundomuseo.com\/?page_id=1779"},"modified":"2017-03-23T10:40:04","modified_gmt":"2017-03-23T10:40:04","slug":"crucero-adriatico","status":"publish","type":"page","link":"https:\/\/www.mundomuseo.com\/?page_id=1779","title":{"rendered":"Crucero Adriatico"},"content":{"rendered":"<p><em><strong>Crucero por un mar tranquilo, visitamos varias ciudades de diferentes pa\u00edses, estos lugares tienen una particularidad muy interesante que la mayor parte de los puertos est\u00e1n en la ciudad misma; comodidad para salir del barco y empezar a visitar el lugar aprovechando a tope el tiempo de estancia.<\/strong><\/em><\/p>\n<p><span style=\"color: #0000ff;\"><em><strong>Trieste:<\/strong><\/em><\/span> <em><strong>es una ciudad situada al noroeste de Italia, ba\u00f1ada por el mar adri\u00e1tico. Es muy interesante por sus monumentos, iglesias, museos y palacios. Si viajas en crucero comod\u00edsima al tener el puerto frente a la impresionante plaza de la Unidad de Italia.<\/strong><\/em><\/p>\n<p><em><strong><span style=\"color: #0000ff;\">Split:<\/span> <\/strong><strong>es una ciudad situada al sur de Croacia, puerto mar\u00edtimo de la costa d\u00e1lmata, en el mar Adri\u00e1tico. Tiene interesantes restos de la \u00e9poca de Diocleciano como su palacio, el mausoleo y el palacio de J\u00fapiter, hoy convertido en la catedral de San Diomo. Tambi\u00e9n el pasear por sus callejuelas, todo a pocos minutos del puerto.\u00a0<\/strong><\/em><\/p>\n<p><a href=\"https:\/\/youtu.be\/98cnwyVvSY8\" target=\"_blank\"><img loading=\"lazy\" decoding=\"async\" class=\"alignnone wp-image-1783\" title=\"TRIESTE Y SPLIT\" src=\"http:\/\/www.mundomuseo.com\/wp-content\/uploads\/2017\/03\/1-Trieste-split-a-640x480-300x75.jpg\" alt=\"\" width=\"428\" height=\"107\" srcset=\"https:\/\/www.mundomuseo.com\/wp-content\/uploads\/2017\/03\/1-Trieste-split-a-640x480-300x75.jpg 300w, https:\/\/www.mundomuseo.com\/wp-content\/uploads\/2017\/03\/1-Trieste-split-a-640x480.jpg 640w\" sizes=\"auto, (max-width: 428px) 100vw, 428px\" \/><\/a>\u00a0 \u00a0 \u00a0 \u00a0 <iframe loading=\"lazy\" src=\"https:\/\/www.youtube.com\/embed\/98cnwyVvSY8\" width=\"200\" height=\"113\" frameborder=\"0\" allowfullscreen=\"allowfullscreen\"><\/iframe><\/p>\n<p><em><strong><span style=\"color: #0000ff;\">Crucero:<\/span> disfrutemos de los m\u00faltiples lugares y actividades de ocio que tenemos en nuestro buque.<\/strong><\/em><\/p>\n<p><a href=\"https:\/\/youtu.be\/YmmhcGK_bBA\" target=\"_blank\"><img loading=\"lazy\" decoding=\"async\" class=\"alignnone wp-image-1786\" title=\"CRUCERO\" src=\"http:\/\/www.mundomuseo.com\/wp-content\/uploads\/2017\/03\/3-Crucero-a-640x480-300x75.jpg\" alt=\"\" width=\"428\" height=\"107\" srcset=\"https:\/\/www.mundomuseo.com\/wp-content\/uploads\/2017\/03\/3-Crucero-a-640x480-300x75.jpg 300w, https:\/\/www.mundomuseo.com\/wp-content\/uploads\/2017\/03\/3-Crucero-a-640x480.jpg 640w\" sizes=\"auto, (max-width: 428px) 100vw, 428px\" \/><\/a>\u00a0 \u00a0 \u00a0\u00a0 <iframe loading=\"lazy\" src=\"https:\/\/www.youtube.com\/embed\/YmmhcGK_bBA\" width=\"200\" height=\"113\" frameborder=\"0\" allowfullscreen=\"allowfullscreen\"><\/iframe><\/p>\n<p><em><strong><span style=\"color: #0000ff;\">Kotor:<\/span> es una ciudad costera de Montenegro, situada en las la bocas de Kotor \u00abel fiordo m\u00e1s meridional de Europa\u00bb, llegamos en crucero hasta las mismas puertas de su preciosa ciudad amurallada que desde el barco tenemos una vista \u00fanica.\u00a0<\/strong><\/em><\/p>\n<p><a href=\"https:\/\/youtu.be\/VeFJ3oSAP5c\" target=\"_blank\"><img loading=\"lazy\" decoding=\"async\" class=\"alignnone wp-image-1788 \" title=\"KOTOR\" src=\"http:\/\/www.mundomuseo.com\/wp-content\/uploads\/2017\/03\/4-Kotor-a-640x480-300x75.jpg\" alt=\"\" width=\"424\" height=\"106\" srcset=\"https:\/\/www.mundomuseo.com\/wp-content\/uploads\/2017\/03\/4-Kotor-a-640x480-300x75.jpg 300w, https:\/\/www.mundomuseo.com\/wp-content\/uploads\/2017\/03\/4-Kotor-a-640x480.jpg 640w\" sizes=\"auto, (max-width: 424px) 100vw, 424px\" \/><\/a>\u00a0 \u00a0 \u00a0\u00a0 <iframe loading=\"lazy\" src=\"https:\/\/www.youtube.com\/embed\/VeFJ3oSAP5c\" width=\"200\" height=\"113\" frameborder=\"0\" allowfullscreen=\"allowfullscreen\"><\/iframe><\/p>\n<p><em><strong><span style=\"color: #0000ff;\">Katakolon\u2013Olimpia:<\/span> es un pueblo con una calle principal muy animada con numerosas tiendas de recuerdos y otra calle mirando al puerto con bares y restaurantes. Es el punto de partida para visitar la antigua Olimpia cuna de los juegos ol\u00edmpicos.<\/strong><\/em><br \/>\n<em><strong><span style=\"color: #0000ff;\">Corf\u00fa:<\/span> es la m\u00e1s grande de las islas j\u00f3nicas puente natural entre Grecia y el resto de Europa. Relacionada con la historia de Grecia desde el principio de la Mitolog\u00eda griega, su historia est\u00e1 repleta de batallas y conquistas, herencia de estas luchas son sus fortalezas.<\/strong><\/em><\/p>\n<p><a href=\"https:\/\/youtu.be\/6GxxgAQ8EEQ\" target=\"_blank\"><img loading=\"lazy\" decoding=\"async\" class=\"alignnone wp-image-1790 \" title=\"KATACOLOM Y KORFU\" src=\"http:\/\/www.mundomuseo.com\/wp-content\/uploads\/2017\/03\/Katakolom-Korfu-a-640x480-300x75.jpg\" alt=\"\" width=\"424\" height=\"106\" srcset=\"https:\/\/www.mundomuseo.com\/wp-content\/uploads\/2017\/03\/Katakolom-Korfu-a-640x480-300x75.jpg 300w, https:\/\/www.mundomuseo.com\/wp-content\/uploads\/2017\/03\/Katakolom-Korfu-a-640x480.jpg 640w\" sizes=\"auto, (max-width: 424px) 100vw, 424px\" \/><\/a>\u00a0 \u00a0 \u00a0 \u00a0\u00a0<iframe loading=\"lazy\" src=\"https:\/\/www.youtube.com\/embed\/6GxxgAQ8EEQ\" width=\"200\" height=\"113\" frameborder=\"0\" allowfullscreen=\"allowfullscreen\"><\/iframe><\/p>\n<p><em><strong><span style=\"color: #0000ff;\">Dubrovnik:<\/span> es conocida \u00a0como \u00abla perla del Adri\u00e1tico\u00bb. Declarada Patrimonio de la Humanidad en 1994, su casco viejo peatonal posee un encanto especial este tesoro esta guardo y protegido por su imponente muralla de 1940 metros de longitud.<\/strong><\/em><\/p>\n<p><a href=\"https:\/\/youtu.be\/QYAZZmEnLl8\" target=\"_blank\"><img loading=\"lazy\" decoding=\"async\" class=\"alignnone wp-image-1793 \" title=\"DUBROVNIK\" src=\"http:\/\/www.mundomuseo.com\/wp-content\/uploads\/2017\/03\/Dubrovnik-a-640x480-300x75.jpg\" alt=\"\" width=\"424\" height=\"106\" srcset=\"https:\/\/www.mundomuseo.com\/wp-content\/uploads\/2017\/03\/Dubrovnik-a-640x480-300x75.jpg 300w, https:\/\/www.mundomuseo.com\/wp-content\/uploads\/2017\/03\/Dubrovnik-a-640x480.jpg 640w\" sizes=\"auto, (max-width: 424px) 100vw, 424px\" \/><\/a>\u00a0 \u00a0 \u00a0 \u00a0<iframe loading=\"lazy\" src=\"https:\/\/www.youtube.com\/embed\/QYAZZmEnLl8\" width=\"200\" height=\"113\" frameborder=\"0\" allowfullscreen=\"allowfullscreen\"><\/iframe><\/p>\n<p><em><strong><span style=\"color: #0000ff;\">Venecia:<\/span> podr\u00edamos decir que es la ciudad m\u00e1s bella de Italia y ademas es \u00fanica en el mundo, con sus numerosos canales, calles, plazas, puentes, iglesias y \u00a0palacios a pie de agua o vistas en g\u00f3ndola. Lugar que siempre te asombrara y nunca \u00a0olvidaras.\u00a0<\/strong><\/em><\/p>\n<p><a href=\"https:\/\/youtu.be\/hm_-RlBCl9I\" target=\"_blank\"><img loading=\"lazy\" decoding=\"async\" class=\"alignnone wp-image-1795 \" title=\"VENECIA\" src=\"http:\/\/www.mundomuseo.com\/wp-content\/uploads\/2017\/03\/Venecia-a-640x480-300x75.jpg\" alt=\"\" width=\"428\" height=\"107\" srcset=\"https:\/\/www.mundomuseo.com\/wp-content\/uploads\/2017\/03\/Venecia-a-640x480-300x75.jpg 300w, https:\/\/www.mundomuseo.com\/wp-content\/uploads\/2017\/03\/Venecia-a-640x480.jpg 640w\" sizes=\"auto, (max-width: 428px) 100vw, 428px\" \/><\/a>\u00a0 \u00a0 \u00a0\u00a0 <iframe loading=\"lazy\" src=\"https:\/\/www.youtube.com\/embed\/hm_-RlBCl9I\" width=\"200\" height=\"113\" frameborder=\"0\" allowfullscreen=\"allowfullscreen\"><\/iframe><\/p>\n<p>&nbsp;<\/p>\n","protected":false},"excerpt":{"rendered":"<p>Crucero por un mar tranquilo, visitamos varias ciudades de diferentes pa\u00edses, estos lugares tienen una particularidad muy interesante que la mayor parte de los puertos est\u00e1n en la ciudad misma; comodidad para salir del barco y empezar a visitar el lugar aprovechando a tope el tiempo de estancia. Trieste: es una ciudad situada al noroeste [&hellip;]<\/p>\n","protected":false},"author":1,"featured_media":0,"parent":1152,"menu_order":0,"comment_status":"closed","ping_status":"closed","template":"","meta":{"ngg_post_thumbnail":0,"footnotes":""},"class_list":["post-1779","page","type-page","status-publish","hentry"],"_links":{"self":[{"href":"https:\/\/www.mundomuseo.com\/index.php?rest_route=\/wp\/v2\/pages\/1779","targetHints":{"allow":["GET"]}}],"collection":[{"href":"https:\/\/www.mundomuseo.com\/index.php?rest_route=\/wp\/v2\/pages"}],"about":[{"href":"https:\/\/www.mundomuseo.com\/index.php?rest_route=\/wp\/v2\/types\/page"}],"author":[{"embeddable":true,"href":"https:\/\/www.mundomuseo.com\/index.php?rest_route=\/wp\/v2\/users\/1"}],"replies":[{"embeddable":true,"href":"https:\/\/www.mundomuseo.com\/index.php?rest_route=%2Fwp%2Fv2%2Fcomments&post=1779"}],"version-history":[{"count":10,"href":"https:\/\/www.mundomuseo.com\/index.php?rest_route=\/wp\/v2\/pages\/1779\/revisions"}],"predecessor-version":[{"id":1803,"href":"https:\/\/www.mundomuseo.com\/index.php?rest_route=\/wp\/v2\/pages\/1779\/revisions\/1803"}],"up":[{"embeddable":true,"href":"https:\/\/www.mundomuseo.com\/index.php?rest_route=\/wp\/v2\/pages\/1152"}],"wp:attachment":[{"href":"https:\/\/www.mundomuseo.com\/index.php?rest_route=%2Fwp%2Fv2%2Fmedia&parent=1779"}],"curies":[{"name":"wp","href":"https:\/\/api.w.org\/{rel}","templated":true}]}}