{"id":1579,"date":"2015-10-02T09:23:43","date_gmt":"2015-10-02T09:23:43","guid":{"rendered":"http:\/\/www.mundomuseo.com\/?page_id=1579"},"modified":"2015-10-02T09:57:32","modified_gmt":"2015-10-02T09:57:32","slug":"paseo-por-cuenca","status":"publish","type":"page","link":"https:\/\/www.mundomuseo.com\/?page_id=1579","title":{"rendered":"Paseo por Cuenca"},"content":{"rendered":"<p><em><strong>Vamos a pasear por Cuenca, situada entre las hoces del rio J\u00facar y el Hu\u00e9car, que la hacen una ciudad encantada por su paisaje, sus calles y edificios, traslad\u00e1ndonos al embrujo de la Edad Media.<\/strong><\/em><\/p>\n<p><a href=\"https:\/\/www.youtube.com\/watch?v=wK-JV4fpDNQ\" target=\"_blank\"><img loading=\"lazy\" decoding=\"async\" class=\"alignnone wp-image-1583\" title=\"V\u00eddeo paseo por Cuenca\" src=\"http:\/\/www.mundomuseo.com\/wp-content\/uploads\/2015\/10\/dscn0199-1b-300x92.jpg\" alt=\"dscn0199-1b\" width=\"362\" height=\"111\" srcset=\"https:\/\/www.mundomuseo.com\/wp-content\/uploads\/2015\/10\/dscn0199-1b-300x92.jpg 300w, https:\/\/www.mundomuseo.com\/wp-content\/uploads\/2015\/10\/dscn0199-1b-1024x313.jpg 1024w, https:\/\/www.mundomuseo.com\/wp-content\/uploads\/2015\/10\/dscn0199-1b.jpg 1907w\" sizes=\"auto, (max-width: 362px) 100vw, 362px\" \/>\u00a0\u00a0\u00a0 \u00a0 \u00a0 \u00a0\u00a0\u00a0\u00a0\u00a0 <iframe loading=\"lazy\" src=\"https:\/\/www.youtube.com\/embed\/wK-JV4fpDNQ\" width=\"109\" height=\"109\" frameborder=\"0\" allowfullscreen=\"allowfullscreen\"><\/iframe><br \/>\n<span style=\"color: #0000ff;\"><em><strong>Sab\u00edas qu\u00e9:<\/strong><\/em><\/span><\/a><\/p>\n<p><strong><em>En Cuenca podemos encontrar Rascacielos: Se da tradicionalmente este nombre a las casas que se sit\u00faan en los n\u00fameros impares de la calle Alfonso VIII y que, teniendo tres o cuatro alturas a esta calle, pueden llegar a tener m\u00e1s de diez en la parte posterior. As\u00ed, estas casas cuelgan sobre el barrio de San Mart\u00edn, mirando hacia la hoz del Hu\u00e9car.<\/em><\/strong><\/p>\n<p>&nbsp;<\/p>\n","protected":false},"excerpt":{"rendered":"<p>Vamos a pasear por Cuenca, situada entre las hoces del rio J\u00facar y el Hu\u00e9car, que la hacen una ciudad encantada por su paisaje, sus calles y edificios, traslad\u00e1ndonos al embrujo de la Edad Media. \u00a0\u00a0\u00a0 \u00a0 \u00a0 \u00a0\u00a0\u00a0\u00a0\u00a0 Sab\u00edas qu\u00e9: En Cuenca podemos encontrar Rascacielos: Se da tradicionalmente este nombre a las casas que [&hellip;]<\/p>\n","protected":false},"author":1,"featured_media":0,"parent":1461,"menu_order":0,"comment_status":"closed","ping_status":"closed","template":"","meta":{"ngg_post_thumbnail":0,"footnotes":""},"class_list":["post-1579","page","type-page","status-publish","hentry"],"_links":{"self":[{"href":"https:\/\/www.mundomuseo.com\/index.php?rest_route=\/wp\/v2\/pages\/1579","targetHints":{"allow":["GET"]}}],"collection":[{"href":"https:\/\/www.mundomuseo.com\/index.php?rest_route=\/wp\/v2\/pages"}],"about":[{"href":"https:\/\/www.mundomuseo.com\/index.php?rest_route=\/wp\/v2\/types\/page"}],"author":[{"embeddable":true,"href":"https:\/\/www.mundomuseo.com\/index.php?rest_route=\/wp\/v2\/users\/1"}],"replies":[{"embeddable":true,"href":"https:\/\/www.mundomuseo.com\/index.php?rest_route=%2Fwp%2Fv2%2Fcomments&post=1579"}],"version-history":[{"count":5,"href":"https:\/\/www.mundomuseo.com\/index.php?rest_route=\/wp\/v2\/pages\/1579\/revisions"}],"predecessor-version":[{"id":1588,"href":"https:\/\/www.mundomuseo.com\/index.php?rest_route=\/wp\/v2\/pages\/1579\/revisions\/1588"}],"up":[{"embeddable":true,"href":"https:\/\/www.mundomuseo.com\/index.php?rest_route=\/wp\/v2\/pages\/1461"}],"wp:attachment":[{"href":"https:\/\/www.mundomuseo.com\/index.php?rest_route=%2Fwp%2Fv2%2Fmedia&parent=1579"}],"curies":[{"name":"wp","href":"https:\/\/api.w.org\/{rel}","templated":true}]}}