{"id":1435,"date":"2015-05-22T09:08:53","date_gmt":"2015-05-22T09:08:53","guid":{"rendered":"http:\/\/www.mundomuseo.com\/?page_id=1435"},"modified":"2015-07-20T16:25:54","modified_gmt":"2015-07-20T16:25:54","slug":"crucero-canarias-madeira","status":"publish","type":"page","link":"https:\/\/www.mundomuseo.com\/?page_id=1435","title":{"rendered":"Crucero Canarias-Madeira"},"content":{"rendered":"<p><em><strong>Crucero entre islas, visitando las Islas Canarias y Madeira. Son trocitos de tierra en la inmensidad del oc\u00e9ano, cada uno de ellos diferente y un contenido interesant\u00edsimo. Disfruta estas islas con los videos siguientes.<\/strong><\/em><\/p>\n<p><span style=\"color: #0000ff;\"><em><strong>Gran Canaria 1: <\/strong><strong><span style=\"color: #000000;\">Comenzamos en Gran Canaria con un peque\u00f1o recorrido por el norte de la isla, visitando Arucas, bonito pueblo con una preciosa catedral neog\u00f3tica de principios del siglo XX; interesantes parajes y muchas tierras de cultivo.<\/span><\/strong><\/em><\/span><\/p>\n<p><a title=\"Gran Canaria 1\" href=\"https:\/\/youtu.be\/VAUBnwGthCo\" target=\"_blank\"><img loading=\"lazy\" decoding=\"async\" class=\"alignnone size-medium wp-image-1440\" src=\"http:\/\/www.mundomuseo.com\/wp-content\/uploads\/2015\/05\/1-Las-palmas-1b-300x76.jpg\" alt=\"1 Las palmas-1b\" width=\"300\" height=\"76\" srcset=\"https:\/\/www.mundomuseo.com\/wp-content\/uploads\/2015\/05\/1-Las-palmas-1b-300x76.jpg 300w, https:\/\/www.mundomuseo.com\/wp-content\/uploads\/2015\/05\/1-Las-palmas-1b-1024x259.jpg 1024w, https:\/\/www.mundomuseo.com\/wp-content\/uploads\/2015\/05\/1-Las-palmas-1b.jpg 1916w\" sizes=\"auto, (max-width: 300px) 100vw, 300px\" \/><\/a><\/p>\n<p><em><strong><span style=\"color: #0000ff;\">Fuerteventura:<\/span> En Fuerteventura visitamos la costa norte hasta Corralejo, pasando por el parque natural del mismo nombre, donde podemos disfrutar de un paseo por dunas de arena fina e interesantes playas. Ya en Corralejo se pueden divisar la isla de Lobos y Lanzarote. A la vuelta por el \u00e1rido terreno del interior, llegamos a Puerto del Rosario.<\/strong><\/em><\/p>\n<p><a title=\"Fuerteventura\" href=\"https:\/\/youtu.be\/lZXnpnMn_1s\" target=\"_blank\"><img loading=\"lazy\" decoding=\"async\" class=\"alignnone size-medium wp-image-1441\" src=\"http:\/\/www.mundomuseo.com\/wp-content\/uploads\/2015\/05\/2-Fuerteventura-1b-300x76.jpg\" alt=\"2 Fuerteventura-1b\" width=\"300\" height=\"76\" srcset=\"https:\/\/www.mundomuseo.com\/wp-content\/uploads\/2015\/05\/2-Fuerteventura-1b-300x76.jpg 300w, https:\/\/www.mundomuseo.com\/wp-content\/uploads\/2015\/05\/2-Fuerteventura-1b-1024x259.jpg 1024w, https:\/\/www.mundomuseo.com\/wp-content\/uploads\/2015\/05\/2-Fuerteventura-1b.jpg 1912w\" sizes=\"auto, (max-width: 300px) 100vw, 300px\" \/><\/a><\/p>\n<p><em><strong><span style=\"color: #0000ff;\">D\u00eda de Crucero:<\/span> D\u00eda de relajaci\u00f3n, disfrute y aprovechamiento de las m\u00faltiples actividades y lugares de ocio que el crucero tiene para recordar unas inolvidables vacaciones. <\/strong><\/em><\/p>\n<p><em><strong><a title=\"D\u00eda de navegaci\u00f3n\" href=\"https:\/\/youtu.be\/LRAG-AOroA8\" target=\"_blank\"><img loading=\"lazy\" decoding=\"async\" class=\"alignnone size-medium wp-image-1442\" src=\"http:\/\/www.mundomuseo.com\/wp-content\/uploads\/2015\/05\/3-Dia-Ccro-1b-300x76.jpg\" alt=\"3 Dia Ccro-1b\" width=\"300\" height=\"76\" srcset=\"https:\/\/www.mundomuseo.com\/wp-content\/uploads\/2015\/05\/3-Dia-Ccro-1b-300x76.jpg 300w, https:\/\/www.mundomuseo.com\/wp-content\/uploads\/2015\/05\/3-Dia-Ccro-1b-1024x259.jpg 1024w, https:\/\/www.mundomuseo.com\/wp-content\/uploads\/2015\/05\/3-Dia-Ccro-1b.jpg 1911w\" sizes=\"auto, (max-width: 300px) 100vw, 300px\" \/><\/a><br \/>\n<\/strong><\/em><\/p>\n<p><em><strong><span style=\"color: #0000ff;\">Madeira:<\/span> Espectacular llegada a la isla de Madeira divisando un precioso arco iris sobre la isla que nos anuncia su interesante contenido. Realizamos un gran recorrido por C\u00e1mara de Lobos y el mirador de Cabo Girao. Cruzamos la isla por el interior a San Vicente bordeando el norte llegamos a la punta de San Lorenzo. Finalmente visitamos Funchal con su preciosa vegetaci\u00f3n e interesantes rincones.<br \/>\n<\/strong><\/em><\/p>\n<p><a title=\"Madeira\" href=\"https:\/\/youtu.be\/1ZAbdQey5AU\" target=\"_blank\"><img loading=\"lazy\" decoding=\"async\" class=\"alignnone size-medium wp-image-1443\" src=\"http:\/\/www.mundomuseo.com\/wp-content\/uploads\/2015\/05\/4-Madeira-1b-300x76.jpg\" alt=\"4 Madeira-1b\" width=\"300\" height=\"76\" srcset=\"https:\/\/www.mundomuseo.com\/wp-content\/uploads\/2015\/05\/4-Madeira-1b-300x76.jpg 300w, https:\/\/www.mundomuseo.com\/wp-content\/uploads\/2015\/05\/4-Madeira-1b-1024x260.jpg 1024w, https:\/\/www.mundomuseo.com\/wp-content\/uploads\/2015\/05\/4-Madeira-1b.jpg 1907w\" sizes=\"auto, (max-width: 300px) 100vw, 300px\" \/><\/a><\/p>\n<p><em><strong><span style=\"color: #0000ff;\">Tenerife:<\/span> Llegamos a Tenerife amaneciendo con otro bonito arco iris sobre la isla. Comenzamos nuestro ascenso por el centro de la isla con frio, nieve y centellada para llegar al Teide. Atravesamos su espectacular parque Natural, con un cambio brusco de paisaje, nos dirigimos al sur: playa de las Am\u00e9ricas. El siguiente d\u00eda recorremos el norte, la costa y los monte de Anaga, terminando en la playa de las Teresitas.<br \/>\n<\/strong><\/em><\/p>\n<p><a title=\"Tenerife\" href=\"https:\/\/youtu.be\/xbLatNWL_5U\" target=\"_blank\"><img loading=\"lazy\" decoding=\"async\" class=\"alignnone size-medium wp-image-1444\" src=\"http:\/\/www.mundomuseo.com\/wp-content\/uploads\/2015\/05\/5-Tenerife-1b-300x76.jpg\" alt=\"5 Tenerife-1b\" width=\"300\" height=\"76\" srcset=\"https:\/\/www.mundomuseo.com\/wp-content\/uploads\/2015\/05\/5-Tenerife-1b-300x76.jpg 300w, https:\/\/www.mundomuseo.com\/wp-content\/uploads\/2015\/05\/5-Tenerife-1b-1024x258.jpg 1024w, https:\/\/www.mundomuseo.com\/wp-content\/uploads\/2015\/05\/5-Tenerife-1b.jpg 1908w\" sizes=\"auto, (max-width: 300px) 100vw, 300px\" \/><\/a><\/p>\n<p><em><strong><span style=\"color: #0000ff;\">Gran Canaria 2:<\/span> Ultimo d\u00eda de crucero, volvemos a Gran Canaria. Visitamos el sur, la famosa playa de dunas en Maspalomas y el Ingles, un lugar singular de arena y playas.<\/strong><\/em><\/p>\n<p><a title=\"Gran Canaria  2\" href=\"https:\/\/www.youtube.com\/watch?v=LTdVfHBk3zw\" target=\"_blank\"><img loading=\"lazy\" decoding=\"async\" class=\"alignnone size-medium wp-image-1445\" src=\"http:\/\/www.mundomuseo.com\/wp-content\/uploads\/2015\/05\/6-Las-palmas-2b-300x76.jpg\" alt=\"6 Las palmas-2b\" width=\"300\" height=\"76\" srcset=\"https:\/\/www.mundomuseo.com\/wp-content\/uploads\/2015\/05\/6-Las-palmas-2b-300x76.jpg 300w, https:\/\/www.mundomuseo.com\/wp-content\/uploads\/2015\/05\/6-Las-palmas-2b-1024x258.jpg 1024w, https:\/\/www.mundomuseo.com\/wp-content\/uploads\/2015\/05\/6-Las-palmas-2b.jpg 1918w\" sizes=\"auto, (max-width: 300px) 100vw, 300px\" \/><\/a><\/p>\n","protected":false},"excerpt":{"rendered":"<p>Crucero entre islas, visitando las Islas Canarias y Madeira. Son trocitos de tierra en la inmensidad del oc\u00e9ano, cada uno de ellos diferente y un contenido interesant\u00edsimo. Disfruta estas islas con los videos siguientes. Gran Canaria 1: Comenzamos en Gran Canaria con un peque\u00f1o recorrido por el norte de la isla, visitando Arucas, bonito pueblo [&hellip;]<\/p>\n","protected":false},"author":1,"featured_media":0,"parent":1152,"menu_order":0,"comment_status":"closed","ping_status":"closed","template":"","meta":{"ngg_post_thumbnail":0,"footnotes":""},"class_list":["post-1435","page","type-page","status-publish","hentry"],"_links":{"self":[{"href":"https:\/\/www.mundomuseo.com\/index.php?rest_route=\/wp\/v2\/pages\/1435","targetHints":{"allow":["GET"]}}],"collection":[{"href":"https:\/\/www.mundomuseo.com\/index.php?rest_route=\/wp\/v2\/pages"}],"about":[{"href":"https:\/\/www.mundomuseo.com\/index.php?rest_route=\/wp\/v2\/types\/page"}],"author":[{"embeddable":true,"href":"https:\/\/www.mundomuseo.com\/index.php?rest_route=\/wp\/v2\/users\/1"}],"replies":[{"embeddable":true,"href":"https:\/\/www.mundomuseo.com\/index.php?rest_route=%2Fwp%2Fv2%2Fcomments&post=1435"}],"version-history":[{"count":10,"href":"https:\/\/www.mundomuseo.com\/index.php?rest_route=\/wp\/v2\/pages\/1435\/revisions"}],"predecessor-version":[{"id":1458,"href":"https:\/\/www.mundomuseo.com\/index.php?rest_route=\/wp\/v2\/pages\/1435\/revisions\/1458"}],"up":[{"embeddable":true,"href":"https:\/\/www.mundomuseo.com\/index.php?rest_route=\/wp\/v2\/pages\/1152"}],"wp:attachment":[{"href":"https:\/\/www.mundomuseo.com\/index.php?rest_route=%2Fwp%2Fv2%2Fmedia&parent=1435"}],"curies":[{"name":"wp","href":"https:\/\/api.w.org\/{rel}","templated":true}]}}