{"id":1276,"date":"2014-09-24T07:03:42","date_gmt":"2014-09-24T07:03:42","guid":{"rendered":"http:\/\/www.mundomuseo.com\/?page_id=1276"},"modified":"2015-07-20T16:25:54","modified_gmt":"2015-07-20T16:25:54","slug":"botellitas","status":"publish","type":"page","link":"https:\/\/www.mundomuseo.com\/?page_id=1276","title":{"rendered":"Botellitas"},"content":{"rendered":"<p><em><strong>Selecci\u00f3n de botellas de muestra, antiguas y actuales de la colecci\u00f3n particular. \u00a0<\/strong><\/em><\/p>\n<p>[book id=2]<\/p>\n<p><span style=\"color: #0000ff;\"><em><strong>Sab\u00edas qu\u00e9 &#8230;\u00a0<\/strong><\/em><\/span><\/p>\n<p><em><strong><img loading=\"lazy\" decoding=\"async\" class=\"alignleft wp-image-1192\" src=\"http:\/\/www.mundomuseo.com\/wp-content\/uploads\/2014\/08\/interrogantes-1dd2-222x300.png\" alt=\"interrogantes-1dd2\" width=\"39\" height=\"52\" srcset=\"https:\/\/www.mundomuseo.com\/wp-content\/uploads\/2014\/08\/interrogantes-1dd2-222x300.png 222w, https:\/\/www.mundomuseo.com\/wp-content\/uploads\/2014\/08\/interrogantes-1dd2.png 315w\" sizes=\"auto, (max-width: 39px) 100vw, 39px\" \/>Hace 3.500 a\u00f1os, las botellas de barro y de vidrio se utilizaban para guardar perfumes, vino y otros l\u00edquidos. En la antigua Grecia y en Roma se usaron enormemente, pero en la Edad Media la fr\u00e1gil botella se sustituy\u00f3 por la resistente bota de cuero. En 1821 el fabricante de vidrio de Bristol Henry Ricketts patent\u00f3 un molde para fabricar las primeras botellas en serie, que permit\u00eda\u00a0 grabar marcas comerciales en el envase. \u00a0Fue en 1872, cuando el fabricante de gaseosas Hiran Codd, patenta la primera botella para bebida carbonatada .<\/strong><\/em><\/p>\n","protected":false},"excerpt":{"rendered":"<p>Selecci\u00f3n de botellas de muestra, antiguas y actuales de la colecci\u00f3n particular. \u00a0 [book id=2] Sab\u00edas qu\u00e9 &#8230;\u00a0 Hace 3.500 a\u00f1os, las botellas de barro y de vidrio se utilizaban para guardar perfumes, vino y otros l\u00edquidos. En la antigua Grecia y en Roma se usaron enormemente, pero en la Edad Media la fr\u00e1gil botella [&hellip;]<\/p>\n","protected":false},"author":1,"featured_media":0,"parent":1273,"menu_order":0,"comment_status":"closed","ping_status":"closed","template":"","meta":{"ngg_post_thumbnail":0,"footnotes":""},"class_list":["post-1276","page","type-page","status-publish","hentry"],"_links":{"self":[{"href":"https:\/\/www.mundomuseo.com\/index.php?rest_route=\/wp\/v2\/pages\/1276","targetHints":{"allow":["GET"]}}],"collection":[{"href":"https:\/\/www.mundomuseo.com\/index.php?rest_route=\/wp\/v2\/pages"}],"about":[{"href":"https:\/\/www.mundomuseo.com\/index.php?rest_route=\/wp\/v2\/types\/page"}],"author":[{"embeddable":true,"href":"https:\/\/www.mundomuseo.com\/index.php?rest_route=\/wp\/v2\/users\/1"}],"replies":[{"embeddable":true,"href":"https:\/\/www.mundomuseo.com\/index.php?rest_route=%2Fwp%2Fv2%2Fcomments&post=1276"}],"version-history":[{"count":5,"href":"https:\/\/www.mundomuseo.com\/index.php?rest_route=\/wp\/v2\/pages\/1276\/revisions"}],"predecessor-version":[{"id":1285,"href":"https:\/\/www.mundomuseo.com\/index.php?rest_route=\/wp\/v2\/pages\/1276\/revisions\/1285"}],"up":[{"embeddable":true,"href":"https:\/\/www.mundomuseo.com\/index.php?rest_route=\/wp\/v2\/pages\/1273"}],"wp:attachment":[{"href":"https:\/\/www.mundomuseo.com\/index.php?rest_route=%2Fwp%2Fv2%2Fmedia&parent=1276"}],"curies":[{"name":"wp","href":"https:\/\/api.w.org\/{rel}","templated":true}]}}