{"id":1273,"date":"2014-09-24T06:57:17","date_gmt":"2014-09-24T06:57:17","guid":{"rendered":"http:\/\/www.mundomuseo.com\/?page_id=1273"},"modified":"2016-03-03T08:50:12","modified_gmt":"2016-03-03T08:50:12","slug":"vidrio-cristal","status":"publish","type":"page","link":"https:\/\/www.mundomuseo.com\/?page_id=1273","title":{"rendered":"Vidrio &#8211; Cristal"},"content":{"rendered":"<p><a href=\"http:\/\/www.mundomuseo.com\/?page_id=1298\"><img loading=\"lazy\" decoding=\"async\" class=\"alignnone wp-image-1697\" title=\"PERFUMES Y COLONIAS\" src=\"http:\/\/www.mundomuseo.com\/wp-content\/uploads\/2014\/09\/VC-Perfumes-y-collonias-b-1-640x480-287x300.jpg\" alt=\"VC Perfumes y collonias b 1 [640x480]\" width=\"180\" height=\"188\" srcset=\"https:\/\/www.mundomuseo.com\/wp-content\/uploads\/2014\/09\/VC-Perfumes-y-collonias-b-1-640x480-287x300.jpg 287w, https:\/\/www.mundomuseo.com\/wp-content\/uploads\/2014\/09\/VC-Perfumes-y-collonias-b-1-640x480.jpg 459w\" sizes=\"auto, (max-width: 180px) 100vw, 180px\" \/><\/a><a href=\"http:\/\/www.mundomuseo.com\/?page_id=1276\"><img loading=\"lazy\" decoding=\"async\" class=\"alignnone wp-image-1699\" title=\"BOTELLITAS\" src=\"http:\/\/www.mundomuseo.com\/wp-content\/uploads\/2014\/09\/VC-Botellitas-b-1-640x480-274x300.jpg\" alt=\"VC Botellitas b 1 [640x480]\" width=\"173\" height=\"189\" srcset=\"https:\/\/www.mundomuseo.com\/wp-content\/uploads\/2014\/09\/VC-Botellitas-b-1-640x480-274x300.jpg 274w, https:\/\/www.mundomuseo.com\/wp-content\/uploads\/2014\/09\/VC-Botellitas-b-1-640x480.jpg 438w\" sizes=\"auto, (max-width: 173px) 100vw, 173px\" \/><\/a><\/p>\n<p><span style=\"color: #0000ff;\"><em><strong>Sab\u00edas qu\u00e9&#8230;<\/strong><\/em><\/span><\/p>\n<p><em><strong><img loading=\"lazy\" decoding=\"async\" class=\"alignleft wp-image-1192\" src=\"http:\/\/www.mundomuseo.com\/wp-content\/uploads\/2014\/08\/interrogantes-1dd2-222x300.png\" alt=\"interrogantes-1dd2\" width=\"39\" height=\"53\" srcset=\"https:\/\/www.mundomuseo.com\/wp-content\/uploads\/2014\/08\/interrogantes-1dd2-222x300.png 222w, https:\/\/www.mundomuseo.com\/wp-content\/uploads\/2014\/08\/interrogantes-1dd2.png 315w\" sizes=\"auto, (max-width: 39px) 100vw, 39px\" \/>El vidrio se descubri\u00f3 por casualidad. Seg\u00fan cuenta el historiador romano Plinio el Viejo, en su Historia Natural, el alumbramiento de este material transparente aconteci\u00f3 en Siria cuando unos mercaderes fenicios de natr\u00f3n (compuesto de sal natural), que preparaban su comida, al no encontrar piedras donde colocar sus ollas al fuego, echaron parte del natr\u00f3n que portaban. Al d\u00eda siguiente, vieron como las piedras de natr\u00f3n se hab\u00edan fundido y su reacci\u00f3n con la arena hab\u00eda producido un material brillante.<\/strong><\/em><\/p>\n<p><em><strong>A partir de entonces los fenicios,\u00a0 trasladaron este descubrimiento a toda la cuenca del Mediterr\u00e1neo, aunque realmente fueron los egipcios del per\u00edodo predin\u00e1stico los primeros en fabricar el vidrio en forma de esmaltes vitrificados.<\/strong><\/em><\/p>\n<p><em><strong><img loading=\"lazy\" decoding=\"async\" class=\"alignleft wp-image-1192\" src=\"http:\/\/www.mundomuseo.com\/wp-content\/uploads\/2014\/08\/interrogantes-1dd2-222x300.png\" alt=\"interrogantes-1dd2\" width=\"37\" height=\"50\" srcset=\"https:\/\/www.mundomuseo.com\/wp-content\/uploads\/2014\/08\/interrogantes-1dd2-222x300.png 222w, https:\/\/www.mundomuseo.com\/wp-content\/uploads\/2014\/08\/interrogantes-1dd2.png 315w\" sizes=\"auto, (max-width: 37px) 100vw, 37px\" \/>El\u00a0lapis specularis,\u00a0piedra especular, es una variedad del yeso, denominada yeso selen\u00edtico, con una configuraci\u00f3n cristalina y laminar que permit\u00eda cortarlo en lajas con un simple serrucho. De esta forma se pod\u00eda obtener placas de diferentes tama\u00f1os y\u00a0 espesor para ser completamente trasl\u00facidas\u2026 \u201cproteg\u00eda del fr\u00edo y permit\u00eda mirar a su trav\u00e9s\u201d (Plinio). Estas lajas comenzaron a utilizarse en el siglo I para cubrir las ventanas y claraboyas a modo de nuestro acristalamiento.<\/strong><\/em><\/p>\n<p><em><strong>Hispania fue pionera en el uso de estos\u00a0cristales\u00a0porque el primer yacimiento y el m\u00e1s importante de lapis specularis, estaba situado en la localidad celt\u00edbera de\u00a0Seg\u00f3briga(Saelices, Cuenca), donde se extra\u00eda de profundos pozos en el subsuelo de hasta 30 metros.<\/strong><\/em><\/p>\n<p><em><strong>Aunque las planchas m\u00e1s importantes no comenzaron a hacerse hasta 1687 gracias a una novedosa \u00a0t\u00e9cnica de fusi\u00f3n sobre una gran mesa de hierro.<\/strong><\/em><\/p>\n","protected":false},"excerpt":{"rendered":"<p>Sab\u00edas qu\u00e9&#8230; El vidrio se descubri\u00f3 por casualidad. Seg\u00fan cuenta el historiador romano Plinio el Viejo, en su Historia Natural, el alumbramiento de este material transparente aconteci\u00f3 en Siria cuando unos mercaderes fenicios de natr\u00f3n (compuesto de sal natural), que preparaban su comida, al no encontrar piedras donde colocar sus ollas al fuego, echaron parte [&hellip;]<\/p>\n","protected":false},"author":1,"featured_media":0,"parent":786,"menu_order":0,"comment_status":"closed","ping_status":"closed","template":"","meta":{"ngg_post_thumbnail":0,"footnotes":""},"class_list":["post-1273","page","type-page","status-publish","hentry"],"_links":{"self":[{"href":"https:\/\/www.mundomuseo.com\/index.php?rest_route=\/wp\/v2\/pages\/1273","targetHints":{"allow":["GET"]}}],"collection":[{"href":"https:\/\/www.mundomuseo.com\/index.php?rest_route=\/wp\/v2\/pages"}],"about":[{"href":"https:\/\/www.mundomuseo.com\/index.php?rest_route=\/wp\/v2\/types\/page"}],"author":[{"embeddable":true,"href":"https:\/\/www.mundomuseo.com\/index.php?rest_route=\/wp\/v2\/users\/1"}],"replies":[{"embeddable":true,"href":"https:\/\/www.mundomuseo.com\/index.php?rest_route=%2Fwp%2Fv2%2Fcomments&post=1273"}],"version-history":[{"count":9,"href":"https:\/\/www.mundomuseo.com\/index.php?rest_route=\/wp\/v2\/pages\/1273\/revisions"}],"predecessor-version":[{"id":1701,"href":"https:\/\/www.mundomuseo.com\/index.php?rest_route=\/wp\/v2\/pages\/1273\/revisions\/1701"}],"up":[{"embeddable":true,"href":"https:\/\/www.mundomuseo.com\/index.php?rest_route=\/wp\/v2\/pages\/786"}],"wp:attachment":[{"href":"https:\/\/www.mundomuseo.com\/index.php?rest_route=%2Fwp%2Fv2%2Fmedia&parent=1273"}],"curies":[{"name":"wp","href":"https:\/\/api.w.org\/{rel}","templated":true}]}}