{"id":1152,"date":"2014-07-21T17:51:43","date_gmt":"2014-07-21T17:51:43","guid":{"rendered":"http:\/\/www.mundomuseo.com\/?page_id=1152"},"modified":"2017-03-23T08:07:01","modified_gmt":"2017-03-23T08:07:01","slug":"cruceros","status":"publish","type":"page","link":"https:\/\/www.mundomuseo.com\/?page_id=1152","title":{"rendered":"Cruceros"},"content":{"rendered":"<p>&nbsp;<\/p>\n<p><em><strong>Forma diferente de viajar, en la que podr\u00e1s disfrutar de unas comodidades excepcionales, como si viajaras en una gran ciudad flotante, visitando diferentes \u00a0lugares sin tener que cambiar de hotel.<\/strong><\/em><\/p>\n<p><a href=\" http:\/\/www.mundomuseo.com\/?page_id=475\"><img loading=\"lazy\" decoding=\"async\" class=\"alignnone wp-image-1738 \" title=\"CRUCERO POR EL MEDITERRANEO\" src=\"http:\/\/www.mundomuseo.com\/wp-content\/uploads\/2017\/02\/a-Mediterraneo-b-640x480-212x300.jpg\" width=\"166\" height=\"235\" srcset=\"https:\/\/www.mundomuseo.com\/wp-content\/uploads\/2017\/02\/a-Mediterraneo-b-640x480-212x300.jpg 212w, https:\/\/www.mundomuseo.com\/wp-content\/uploads\/2017\/02\/a-Mediterraneo-b-640x480.jpg 339w\" sizes=\"auto, (max-width: 166px) 100vw, 166px\" \/><\/a>\u00a0\u00a0<a href=\" http:\/\/www.mundomuseo.com\/?page_id=518\"><img loading=\"lazy\" decoding=\"async\" class=\"alignnone wp-image-1739\" title=\"CRUCERO POR EMIRATOS ARABES\" src=\"http:\/\/www.mundomuseo.com\/wp-content\/uploads\/2017\/02\/a-Emrtos-b-640x480-212x300.jpg\" width=\"169\" height=\"239\" srcset=\"https:\/\/www.mundomuseo.com\/wp-content\/uploads\/2017\/02\/a-Emrtos-b-640x480-212x300.jpg 212w, https:\/\/www.mundomuseo.com\/wp-content\/uploads\/2017\/02\/a-Emrtos-b-640x480.jpg 339w\" sizes=\"auto, (max-width: 169px) 100vw, 169px\" \/><\/a>\u00a0\u00a0<a href=\" http:\/\/www.mundomuseo.com\/?page_id=1435\"><img loading=\"lazy\" decoding=\"async\" class=\"alignnone wp-image-1740\" title=\"CRUCERO POR CANARIAS Y MADEIRA\" src=\"http:\/\/www.mundomuseo.com\/wp-content\/uploads\/2017\/02\/a-Canar-y-Mad-b-640x480-212x300.jpg\" width=\"169\" height=\"239\" srcset=\"https:\/\/www.mundomuseo.com\/wp-content\/uploads\/2017\/02\/a-Canar-y-Mad-b-640x480-212x300.jpg 212w, https:\/\/www.mundomuseo.com\/wp-content\/uploads\/2017\/02\/a-Canar-y-Mad-b-640x480.jpg 339w\" sizes=\"auto, (max-width: 169px) 100vw, 169px\" \/><\/a>\u00a0<a href=\" http:\/\/www.mundomuseo.com\/?page_id=1779\"><img loading=\"lazy\" decoding=\"async\" class=\"alignnone wp-image-1799\" title=\"CRUCERO ADRIATICO\" src=\"http:\/\/www.mundomuseo.com\/wp-content\/uploads\/2017\/03\/a-Adriatico-b-640x480-212x300.jpg\" alt=\"\" width=\"170\" height=\"240\" srcset=\"https:\/\/www.mundomuseo.com\/wp-content\/uploads\/2017\/03\/a-Adriatico-b-640x480-212x300.jpg 212w, https:\/\/www.mundomuseo.com\/wp-content\/uploads\/2017\/03\/a-Adriatico-b-640x480.jpg 339w\" sizes=\"auto, (max-width: 170px) 100vw, 170px\" \/><\/a><\/p>\n<p><span style=\"color: #0000ff;\"><em><strong>Sab\u00edas qu\u00e9&#8230;\u00a0<\/strong><\/em><\/span><\/p>\n<p><em><strong><img loading=\"lazy\" decoding=\"async\" class=\"alignleft wp-image-1192\" src=\"http:\/\/www.mundomuseo.com\/wp-content\/uploads\/2014\/08\/interrogantes-1dd2-222x300.png\" alt=\"interrogantes-1dd2\" width=\"49\" height=\"60\" \/>En el 2000 a.C., Cleopatra utilizaba las aguas del Nilo para viajar a Atenas disfrutando del paisaje.<\/strong><\/em><\/p>\n<p><em><strong>Adem\u00e1s se sabe que los antiguos romanos sol\u00edan efectuar cruceros de placer por el Mediterr\u00e1neo.\u00a0<\/strong><\/em><\/p>\n<p><em><strong>A\u00fan que el primer crucero moderno fue en 1844, la \u00bb English Shipping Company \u00ab, organizo un viaje tur\u00edstico por el Mediterr\u00e1neo en el \u00bb Lady Mary Wood \u00ab, un vapor de madera de 553 toneladas.\u00a0<\/strong><\/em><\/p>\n<p>&nbsp;<\/p>\n<p><em><strong>\u00a0 \u00a0 \u00a0 \u00a0 \u00a0 \u00a0 \u00a0 \u00a0 \u00a0 \u00a0 \u00a0 \u00a0 \u00a0 \u00a0 \u00a0 \u00a0 \u00a0 \u00a0 \u00a0 \u00a0 \u00a0 \u00a0 \u00a0 \u00a0 \u00a0 \u00a0 \u00a0 \u00a0 \u00a0 \u00a0 \u00a0 \u00a0 \u00a0 \u00a0 \u00a0 \u00a0 \u00a0 \u00a0 \u00a0 \u00a0 \u00a0 \u00a0 \u00a0 \u00a0 \u00a0 \u00a0 \u00a0 \u00a0 \u00a0 \u00a0 \u00a0 \u00a0 \u00a0 \u00a0 \u00a0 \u00a0 \u00a0 \u00a0 \u00a0 \u00a0 \u00a0 \u00a0 \u00a0 \u00a0 \u00a0 \u00a0 \u00a0 \u00a0 \u00a0 \u00a0 \u00a0 \u00a0 \u00a0 \u00a0 \u00a0 \u00a0 \u00a0 \u00a0 \u00a0 \u00a0 \u00a0 \u00a0 \u00a0 \u00a0 \u00a0 \u00a0 \u00a0 \u00a0 \u00a0Cruceros realizados con \u00a0 \u00a0 \u00a0 \u00a0 \u00a0 \u00a0 \u00a0 \u00a0 \u00a0 \u00a0 \u00a0 \u00a0 \u00a0 \u00a0 \u00a0 \u00a0 \u00a0 \u00a0 \u00a0 \u00a0 \u00a0 \u00a0 \u00a0 \u00a0 \u00a0 \u00a0 \u00a0 \u00a0 \u00a0 \u00a0 \u00a0 \u00a0 \u00a0 \u00a0 \u00a0 \u00a0 \u00a0 \u00a0 \u00a0 \u00a0 \u00a0 \u00a0 \u00a0 \u00a0 \u00a0 \u00a0 \u00a0 \u00a0 \u00a0 \u00a0 \u00a0 \u00a0 \u00a0 \u00a0 \u00a0 \u00a0 \u00a0 \u00a0 \u00a0 \u00a0 \u00a0 \u00a0 \u00a0 \u00a0 \u00a0 \u00a0 \u00a0 <\/strong><\/em>\u00a0 \u00a0 \u00a0 \u00a0 \u00a0 \u00a0 \u00a0 \u00a0 \u00a0 \u00a0 \u00a0 \u00a0 \u00a0 \u00a0 \u00a0 \u00a0 \u00a0 \u00a0 \u00a0 \u00a0 \u00a0 \u00a0 \u00a0 \u00a0 \u00a0 \u00a0 \u00a0 \u00a0 \u00a0 \u00a0 \u00a0 \u00a0 \u00a0 \u00a0 \u00a0 \u00a0<a title=\"Agencia de viajes\" href=\"http:\/\/www.rivastours.es\" target=\"_blank\"><img loading=\"lazy\" decoding=\"async\" class=\"alignnone size-full wp-image-1243\" src=\"http:\/\/www.mundomuseo.com\/wp-content\/uploads\/2014\/09\/logo.jpg\" alt=\"logo\" width=\"220\" height=\"92\" \/><\/a><\/p>\n","protected":false},"excerpt":{"rendered":"<p>&nbsp; Forma diferente de viajar, en la que podr\u00e1s disfrutar de unas comodidades excepcionales, como si viajaras en una gran ciudad flotante, visitando diferentes \u00a0lugares sin tener que cambiar de hotel. \u00a0\u00a0\u00a0\u00a0\u00a0 Sab\u00edas qu\u00e9&#8230;\u00a0 En el 2000 a.C., Cleopatra utilizaba las aguas del Nilo para viajar a Atenas disfrutando del paisaje. Adem\u00e1s se sabe que [&hellip;]<\/p>\n","protected":false},"author":1,"featured_media":0,"parent":18,"menu_order":0,"comment_status":"closed","ping_status":"closed","template":"","meta":{"ngg_post_thumbnail":0,"footnotes":""},"class_list":["post-1152","page","type-page","status-publish","hentry"],"_links":{"self":[{"href":"https:\/\/www.mundomuseo.com\/index.php?rest_route=\/wp\/v2\/pages\/1152","targetHints":{"allow":["GET"]}}],"collection":[{"href":"https:\/\/www.mundomuseo.com\/index.php?rest_route=\/wp\/v2\/pages"}],"about":[{"href":"https:\/\/www.mundomuseo.com\/index.php?rest_route=\/wp\/v2\/types\/page"}],"author":[{"embeddable":true,"href":"https:\/\/www.mundomuseo.com\/index.php?rest_route=\/wp\/v2\/users\/1"}],"replies":[{"embeddable":true,"href":"https:\/\/www.mundomuseo.com\/index.php?rest_route=%2Fwp%2Fv2%2Fcomments&post=1152"}],"version-history":[{"count":10,"href":"https:\/\/www.mundomuseo.com\/index.php?rest_route=\/wp\/v2\/pages\/1152\/revisions"}],"predecessor-version":[{"id":1801,"href":"https:\/\/www.mundomuseo.com\/index.php?rest_route=\/wp\/v2\/pages\/1152\/revisions\/1801"}],"up":[{"embeddable":true,"href":"https:\/\/www.mundomuseo.com\/index.php?rest_route=\/wp\/v2\/pages\/18"}],"wp:attachment":[{"href":"https:\/\/www.mundomuseo.com\/index.php?rest_route=%2Fwp%2Fv2%2Fmedia&parent=1152"}],"curies":[{"name":"wp","href":"https:\/\/api.w.org\/{rel}","templated":true}]}}