{"id":1072,"date":"2014-07-08T07:32:44","date_gmt":"2014-07-08T07:32:44","guid":{"rendered":"http:\/\/www.mundomuseo.com\/?page_id=1072"},"modified":"2023-11-21T18:30:41","modified_gmt":"2023-11-21T18:30:41","slug":"fotos-antiguas","status":"publish","type":"page","link":"https:\/\/www.mundomuseo.com\/?page_id=1072","title":{"rendered":"Fotos antiguas"},"content":{"rendered":"<p><em><strong>La fotograf\u00eda antigua son,hoy en d\u00eda, verdaderas obras de arte.<\/strong><\/em><\/p>\n<p><em><strong>En estas fotograf\u00edas se pueden observar: los diferentes tipos de montajes (con&nbsp;<\/strong><\/em><em><strong>sus cartones y parpastus de enmarcado), la variedad de tama\u00f1os en los positivos, el coloreado a mano. el troquelado de los bordes y las emulsiones y materiales usados.<\/strong><\/em><\/p>\n<p><em><strong>Selecci\u00f3n de im\u00e1genes antiguas, la gran mayor\u00eda &nbsp;desaparecidas sin que se les haya dado valor alguno.<\/strong><\/em><\/p>\n\n<style type=\"text\/css\" scoped>.rbs_gallery_69fde96068485Spinner{\r\n\t\t\t\tmargin: 50px auto;\r\n\t\t\t\twidth: 50px;\r\n\t\t\t\theight: 40px;\r\n\t\t\t\ttext-align: center;\r\n\t\t\t\tfont-size: 10px;\r\n\t\t\t}\r\n\t\t\t.rbs_gallery_69fde96068485Spinner > div{\r\n\t\t\t  background-color: #333;\r\n\t\t\t  height: 100%;\r\n\t\t\t  width: 6px;\r\n\t\t\t  display: inline-block;\r\n\t\t\t  -webkit-animation: rbs_gallery_69fde96068485-stretchdelay 1.2s infinite ease-in-out;\r\n\t\t\t  animation: rbs_gallery_69fde96068485-stretchdelay 1.2s infinite ease-in-out;\r\n\t\t\t}\r\n\t\t\t.rbs_gallery_69fde96068485Spinner .rbs_gallery_69fde96068485Rect2 {\r\n\t\t\t  -webkit-animation-delay: -1.1s;\r\n\t\t\t  animation-delay: -1.1s;\r\n\t\t\t}\r\n\t\t\t.rbs_gallery_69fde96068485Spinner .rbs_gallery_69fde96068485Rect3 {\r\n\t\t\t  -webkit-animation-delay: -1.0s;\r\n\t\t\t  animation-delay: -1.0s;\r\n\t\t\t}\r\n\t\t\t.rbs_gallery_69fde96068485Spinner .rbs_gallery_69fde96068485Rect4 {\r\n\t\t\t  -webkit-animation-delay: -0.9s;\r\n\t\t\t  animation-delay: -0.9s;\r\n\t\t\t}\r\n\t\t\t.rbs_gallery_69fde96068485Spinner .rbs_gallery_69fde96068485Rect5 {\r\n\t\t\t  -webkit-animation-delay: -0.8s;\r\n\t\t\t  animation-delay: -0.8s;\r\n\t\t\t}\r\n\t\t\t@-webkit-keyframes rbs_gallery_69fde96068485-stretchdelay {\r\n\t\t\t  0%, 40%, 100% { -webkit-transform: scaleY(0.4) }  \r\n\t\t\t  20% { -webkit-transform: scaleY(1.0) }\r\n\t\t\t}\r\n\t\t\t@keyframes rbs_gallery_69fde96068485-stretchdelay {\r\n\t\t\t  0%, 40%, 100% { \r\n\t\t\t    transform: scaleY(0.4);\r\n\t\t\t    -webkit-transform: scaleY(0.4);\r\n\t\t\t  }  20% { \r\n\t\t\t    transform: scaleY(1.0);\r\n\t\t\t    -webkit-transform: scaleY(1.0);\r\n\t\t\t  }\r\n\t\t\t}\r\n\t\t<\/style><div class=\"robo-gallery-wrap robo-gallery-wrap-id2561 robo-gallery-mosaic\" ><div id=\"rbs_gallery_69fde96068485-block-loader\" class=\"rbs_gallery_69fde96068485Spinner\"><div class=\"rbs_gallery_69fde96068485Rect1\"><\/div> <div class=\"rbs_gallery_69fde96068485Rect2\"><\/div> <div class=\"rbs_gallery_69fde96068485Rect3\"><\/div> <div class=\"rbs_gallery_69fde96068485Rect4\"><\/div> <div class=\"rbs_gallery_69fde96068485Rect5\"><\/div><\/div><div id=\"robo_gallery_main_block_rbs_gallery_69fde96068485\" class=\"robogallery-gallery-2561\" style=\"width:100%;  display: none;\"><div id=\"rbs_gallery_69fde96068485\" data-options=\"rbs_gallery_69fde96068485\" style=\"width:100%;\" class=\"robo_gallery  \"><div class=\"rbs-img  category2561 \"  data-columns=\"4\" ><div class=\"rbs-img-image   rbs-lightbox \" ><div class=\"rbs-img-thumbs\"  data-thumbnail=\"https:\/\/www.mundomuseo.com\/wp-content\/uploads\/2023\/11\/20140701131546739_0001-a-640x480-1.jpg\"  title=\"20140701131546739_0001 a [640x480]\"  data-width=\"640\"  data-height=\"452\" ><\/div><div class=\"rbs-img-data-popup\"  data-popup=\"https:\/\/www.mundomuseo.com\/wp-content\/uploads\/2023\/11\/20140701131546739_0001-a-640x480-1.jpg\"  title=\"20140701131546739_0001 a [640x480]\" ><\/div><div class=\"thumbnail-overlay\"><div class=\"rbsIcons\"><i class=\"fa fa-image rbsZoomIcon \" ><\/i><\/div><\/div><\/div><\/div><div class=\"rbs-img  category2561 \" ><div class=\"rbs-img-image   rbs-lightbox \" ><div class=\"rbs-img-thumbs\"  data-thumbnail=\"https:\/\/www.mundomuseo.com\/wp-content\/uploads\/2023\/11\/20140701132442494_0001-a-640x480-1.jpg\"  title=\"20140701132442494_0001 a [640x480]\"  data-width=\"372\"  data-height=\"480\" ><\/div><div class=\"rbs-img-data-popup\"  data-popup=\"https:\/\/www.mundomuseo.com\/wp-content\/uploads\/2023\/11\/20140701132442494_0001-a-640x480-1.jpg\"  title=\"20140701132442494_0001 a [640x480]\" ><\/div><div class=\"thumbnail-overlay\"><div class=\"rbsIcons\"><i class=\"fa fa-image rbsZoomIcon \" ><\/i><\/div><\/div><\/div><\/div><div class=\"rbs-img  category2561 \" ><div class=\"rbs-img-image   rbs-lightbox \" ><div class=\"rbs-img-thumbs\"  data-thumbnail=\"https:\/\/www.mundomuseo.com\/wp-content\/uploads\/2023\/11\/20140701132442494_0002-a-640x480-1.jpg\"  title=\"20140701132442494_0002 a [640x480]\"  data-width=\"307\"  data-height=\"480\" ><\/div><div class=\"rbs-img-data-popup\"  data-popup=\"https:\/\/www.mundomuseo.com\/wp-content\/uploads\/2023\/11\/20140701132442494_0002-a-640x480-1.jpg\"  title=\"20140701132442494_0002 a [640x480]\" ><\/div><div class=\"thumbnail-overlay\"><div class=\"rbsIcons\"><i class=\"fa fa-image rbsZoomIcon \" ><\/i><\/div><\/div><\/div><\/div><div class=\"rbs-img  category2561 \" ><div class=\"rbs-img-image   rbs-lightbox \" ><div class=\"rbs-img-thumbs\"  data-thumbnail=\"https:\/\/www.mundomuseo.com\/wp-content\/uploads\/2023\/11\/20140701132442494_0003-b-640x480-1.jpg\"  title=\"20140701132442494_0003 b [640x480]\"  data-width=\"311\"  data-height=\"480\" ><\/div><div class=\"rbs-img-data-popup\"  data-popup=\"https:\/\/www.mundomuseo.com\/wp-content\/uploads\/2023\/11\/20140701132442494_0003-b-640x480-1.jpg\"  title=\"20140701132442494_0003 b [640x480]\" ><\/div><div class=\"thumbnail-overlay\"><div class=\"rbsIcons\"><i class=\"fa fa-image rbsZoomIcon \" ><\/i><\/div><\/div><\/div><\/div><div class=\"rbs-img  category2561 \"  data-columns=\"3\" ><div class=\"rbs-img-image   rbs-lightbox \" ><div class=\"rbs-img-thumbs\"  data-thumbnail=\"https:\/\/www.mundomuseo.com\/wp-content\/uploads\/2023\/11\/20140701132442494_0004-a-640x480-1.jpg\"  title=\"20140701132442494_0004 a [640x480]\"  data-width=\"341\"  data-height=\"480\" ><\/div><div class=\"rbs-img-data-popup\"  data-popup=\"https:\/\/www.mundomuseo.com\/wp-content\/uploads\/2023\/11\/20140701132442494_0004-a-640x480-1.jpg\"  title=\"20140701132442494_0004 a [640x480]\" ><\/div><div class=\"thumbnail-overlay\"><div class=\"rbsIcons\"><i class=\"fa fa-image rbsZoomIcon \" ><\/i><\/div><\/div><\/div><\/div><div class=\"rbs-img  category2561 \" ><div class=\"rbs-img-image   rbs-lightbox \" ><div class=\"rbs-img-thumbs\"  data-thumbnail=\"https:\/\/www.mundomuseo.com\/wp-content\/uploads\/2023\/11\/20140701132442494_0005-a-640x480-1.jpg\"  title=\"20140701132442494_0005 a [640x480]\"  data-width=\"333\"  data-height=\"480\" ><\/div><div class=\"rbs-img-data-popup\"  data-popup=\"https:\/\/www.mundomuseo.com\/wp-content\/uploads\/2023\/11\/20140701132442494_0005-a-640x480-1.jpg\"  title=\"20140701132442494_0005 a [640x480]\" ><\/div><div class=\"thumbnail-overlay\"><div class=\"rbsIcons\"><i class=\"fa fa-image rbsZoomIcon \" ><\/i><\/div><\/div><\/div><\/div><div class=\"rbs-img  category2561 \" ><div class=\"rbs-img-image   rbs-lightbox \" ><div class=\"rbs-img-thumbs\"  data-thumbnail=\"https:\/\/www.mundomuseo.com\/wp-content\/uploads\/2023\/11\/20140701132442494_0006-a-640x480-1.jpg\"  title=\"20140701132442494_0006 a [640x480]\"  data-width=\"307\"  data-height=\"480\" ><\/div><div class=\"rbs-img-data-popup\"  data-popup=\"https:\/\/www.mundomuseo.com\/wp-content\/uploads\/2023\/11\/20140701132442494_0006-a-640x480-1.jpg\"  title=\"20140701132442494_0006 a [640x480]\" ><\/div><div class=\"thumbnail-overlay\"><div class=\"rbsIcons\"><i class=\"fa fa-image rbsZoomIcon \" ><\/i><\/div><\/div><\/div><\/div><div class=\"rbs-img  category2561 \" ><div class=\"rbs-img-image   rbs-lightbox \" ><div class=\"rbs-img-thumbs\"  data-thumbnail=\"https:\/\/www.mundomuseo.com\/wp-content\/uploads\/2023\/11\/20140701132442494_0007-a-640x480-1.jpg\"  title=\"20140701132442494_0007 a [640x480]\"  data-width=\"308\"  data-height=\"480\" ><\/div><div class=\"rbs-img-data-popup\"  data-popup=\"https:\/\/www.mundomuseo.com\/wp-content\/uploads\/2023\/11\/20140701132442494_0007-a-640x480-1.jpg\"  title=\"20140701132442494_0007 a [640x480]\" ><\/div><div class=\"thumbnail-overlay\"><div class=\"rbsIcons\"><i class=\"fa fa-image rbsZoomIcon \" ><\/i><\/div><\/div><\/div><\/div><div class=\"rbs-img  category2561 \" ><div class=\"rbs-img-image   rbs-lightbox \" ><div class=\"rbs-img-thumbs\"  data-thumbnail=\"https:\/\/www.mundomuseo.com\/wp-content\/uploads\/2023\/11\/20140701132442494_0008-a-640x480-1.jpg\"  title=\"20140701132442494_0008 a [640x480]\"  data-width=\"302\"  data-height=\"480\" ><\/div><div class=\"rbs-img-data-popup\"  data-popup=\"https:\/\/www.mundomuseo.com\/wp-content\/uploads\/2023\/11\/20140701132442494_0008-a-640x480-1.jpg\"  title=\"20140701132442494_0008 a [640x480]\" ><\/div><div class=\"thumbnail-overlay\"><div class=\"rbsIcons\"><i class=\"fa fa-image rbsZoomIcon \" ><\/i><\/div><\/div><\/div><\/div><div class=\"rbs-img  category2561 \"  data-columns=\"2\" ><div class=\"rbs-img-image   rbs-lightbox \" ><div class=\"rbs-img-thumbs\"  data-thumbnail=\"https:\/\/www.mundomuseo.com\/wp-content\/uploads\/2023\/11\/20140701132442494_0009-a-640x480-1.jpg\"  title=\"20140701132442494_0009 a [640x480]\"  data-width=\"640\"  data-height=\"389\" ><\/div><div class=\"rbs-img-data-popup\"  data-popup=\"https:\/\/www.mundomuseo.com\/wp-content\/uploads\/2023\/11\/20140701132442494_0009-a-640x480-1.jpg\"  title=\"20140701132442494_0009 a [640x480]\" ><\/div><div class=\"thumbnail-overlay\"><div class=\"rbsIcons\"><i class=\"fa fa-image rbsZoomIcon \" ><\/i><\/div><\/div><\/div><\/div><div class=\"rbs-img  category2561 \" ><div class=\"rbs-img-image   rbs-lightbox \" ><div class=\"rbs-img-thumbs\"  data-thumbnail=\"https:\/\/www.mundomuseo.com\/wp-content\/uploads\/2023\/11\/20140701132442494_0010-a-640x480-1.jpg\"  title=\"20140701132442494_0010 a [640x480]\"  data-width=\"606\"  data-height=\"480\" ><\/div><div class=\"rbs-img-data-popup\"  data-popup=\"https:\/\/www.mundomuseo.com\/wp-content\/uploads\/2023\/11\/20140701132442494_0010-a-640x480-1.jpg\"  title=\"20140701132442494_0010 a [640x480]\" ><\/div><div class=\"thumbnail-overlay\"><div class=\"rbsIcons\"><i class=\"fa fa-image rbsZoomIcon \" ><\/i><\/div><\/div><\/div><\/div><div class=\"rbs-img  category2561 \" ><div class=\"rbs-img-image   rbs-lightbox \" ><div class=\"rbs-img-thumbs\"  data-thumbnail=\"https:\/\/www.mundomuseo.com\/wp-content\/uploads\/2023\/11\/20140701132442494_0011-a-640x480-1.jpg\"  title=\"20140701132442494_0011 a [640x480]\"  data-width=\"319\"  data-height=\"480\" ><\/div><div class=\"rbs-img-data-popup\"  data-popup=\"https:\/\/www.mundomuseo.com\/wp-content\/uploads\/2023\/11\/20140701132442494_0011-a-640x480-1.jpg\"  title=\"20140701132442494_0011 a [640x480]\" ><\/div><div class=\"thumbnail-overlay\"><div class=\"rbsIcons\"><i class=\"fa fa-image rbsZoomIcon \" ><\/i><\/div><\/div><\/div><\/div><div class=\"rbs-img  category2561 \"  data-columns=\"4\" ><div class=\"rbs-img-image   rbs-lightbox \" ><div class=\"rbs-img-thumbs\"  data-thumbnail=\"https:\/\/www.mundomuseo.com\/wp-content\/uploads\/2023\/11\/20140701132442494_0012-b-640x480-1.jpg\"  title=\"20140701132442494_0012 b [640x480]\"  data-width=\"640\"  data-height=\"416\" ><\/div><div class=\"rbs-img-data-popup\"  data-popup=\"https:\/\/www.mundomuseo.com\/wp-content\/uploads\/2023\/11\/20140701132442494_0012-b-640x480-1.jpg\"  title=\"20140701132442494_0012 b [640x480]\" ><\/div><div class=\"thumbnail-overlay\"><div class=\"rbsIcons\"><i class=\"fa fa-image rbsZoomIcon \" ><\/i><\/div><\/div><\/div><\/div><div class=\"rbs-img  category2561 \" ><div class=\"rbs-img-image   rbs-lightbox \" ><div class=\"rbs-img-thumbs\"  data-thumbnail=\"https:\/\/www.mundomuseo.com\/wp-content\/uploads\/2023\/11\/20140701132442494_0013-a-640x480-1.jpg\"  title=\"20140701132442494_0013 a [640x480]\"  data-width=\"305\"  data-height=\"480\" ><\/div><div class=\"rbs-img-data-popup\"  data-popup=\"https:\/\/www.mundomuseo.com\/wp-content\/uploads\/2023\/11\/20140701132442494_0013-a-640x480-1.jpg\"  title=\"20140701132442494_0013 a [640x480]\" ><\/div><div class=\"thumbnail-overlay\"><div class=\"rbsIcons\"><i class=\"fa fa-image rbsZoomIcon \" ><\/i><\/div><\/div><\/div><\/div><div class=\"rbs-img  category2561 \" ><div class=\"rbs-img-image   rbs-lightbox \" ><div class=\"rbs-img-thumbs\"  data-thumbnail=\"https:\/\/www.mundomuseo.com\/wp-content\/uploads\/2023\/11\/20140701132442494_0014-b-640x480-1.jpg\"  title=\"20140701132442494_0014 b [640x480]\"  data-width=\"640\"  data-height=\"410\" ><\/div><div class=\"rbs-img-data-popup\"  data-popup=\"https:\/\/www.mundomuseo.com\/wp-content\/uploads\/2023\/11\/20140701132442494_0014-b-640x480-1.jpg\"  title=\"20140701132442494_0014 b [640x480]\" ><\/div><div class=\"thumbnail-overlay\"><div class=\"rbsIcons\"><i class=\"fa fa-image rbsZoomIcon \" ><\/i><\/div><\/div><\/div><\/div><div class=\"rbs-img  category2561 \" ><div class=\"rbs-img-image   rbs-lightbox \" ><div class=\"rbs-img-thumbs\"  data-thumbnail=\"https:\/\/www.mundomuseo.com\/wp-content\/uploads\/2023\/11\/20140701132442494_0015-a-640x480-1.jpg\"  title=\"20140701132442494_0015 a [640x480]\"  data-width=\"306\"  data-height=\"480\" ><\/div><div class=\"rbs-img-data-popup\"  data-popup=\"https:\/\/www.mundomuseo.com\/wp-content\/uploads\/2023\/11\/20140701132442494_0015-a-640x480-1.jpg\"  title=\"20140701132442494_0015 a [640x480]\" ><\/div><div class=\"thumbnail-overlay\"><div class=\"rbsIcons\"><i class=\"fa fa-image rbsZoomIcon \" ><\/i><\/div><\/div><\/div><\/div><div class=\"rbs-img  category2561 \" ><div class=\"rbs-img-image   rbs-lightbox \" ><div class=\"rbs-img-thumbs\"  data-thumbnail=\"https:\/\/www.mundomuseo.com\/wp-content\/uploads\/2023\/11\/20140701132442494_0016-b-640x480-1.jpg\"  title=\"20140701132442494_0016 b [640x480]\"  data-width=\"640\"  data-height=\"421\" ><\/div><div class=\"rbs-img-data-popup\"  data-popup=\"https:\/\/www.mundomuseo.com\/wp-content\/uploads\/2023\/11\/20140701132442494_0016-b-640x480-1.jpg\"  title=\"20140701132442494_0016 b [640x480]\" ><\/div><div class=\"thumbnail-overlay\"><div class=\"rbsIcons\"><i class=\"fa fa-image rbsZoomIcon \" ><\/i><\/div><\/div><\/div><\/div><div class=\"rbs-img  category2561 \" ><div class=\"rbs-img-image   rbs-lightbox \" ><div class=\"rbs-img-thumbs\"  data-thumbnail=\"https:\/\/www.mundomuseo.com\/wp-content\/uploads\/2023\/11\/20140701132442494_0017-a-640x480-1.jpg\"  title=\"20140701132442494_0017 a [640x480]\"  data-width=\"239\"  data-height=\"480\" ><\/div><div class=\"rbs-img-data-popup\"  data-popup=\"https:\/\/www.mundomuseo.com\/wp-content\/uploads\/2023\/11\/20140701132442494_0017-a-640x480-1.jpg\"  title=\"20140701132442494_0017 a [640x480]\" ><\/div><div class=\"thumbnail-overlay\"><div class=\"rbsIcons\"><i class=\"fa fa-image rbsZoomIcon \" ><\/i><\/div><\/div><\/div><\/div><div class=\"rbs-img  category2561 \" ><div class=\"rbs-img-image   rbs-lightbox \" ><div class=\"rbs-img-thumbs\"  data-thumbnail=\"https:\/\/www.mundomuseo.com\/wp-content\/uploads\/2023\/11\/20140701132442494_0018-b-640x480-1.jpg\"  title=\"20140701132442494_0018 b [640x480]\"  data-width=\"244\"  data-height=\"480\" ><\/div><div class=\"rbs-img-data-popup\"  data-popup=\"https:\/\/www.mundomuseo.com\/wp-content\/uploads\/2023\/11\/20140701132442494_0018-b-640x480-1.jpg\"  title=\"20140701132442494_0018 b [640x480]\" ><\/div><div class=\"thumbnail-overlay\"><div class=\"rbsIcons\"><i class=\"fa fa-image rbsZoomIcon \" ><\/i><\/div><\/div><\/div><\/div><div class=\"rbs-img  category2561 \"  data-columns=\"4\" ><div class=\"rbs-img-image   rbs-lightbox \" ><div class=\"rbs-img-thumbs\"  data-thumbnail=\"https:\/\/www.mundomuseo.com\/wp-content\/uploads\/2023\/11\/20140701132442494_0019-a-640x480-1.jpg\"  title=\"20140701132442494_0019 a [640x480]\"  data-width=\"309\"  data-height=\"480\" ><\/div><div class=\"rbs-img-data-popup\"  data-popup=\"https:\/\/www.mundomuseo.com\/wp-content\/uploads\/2023\/11\/20140701132442494_0019-a-640x480-1.jpg\"  title=\"20140701132442494_0019 a [640x480]\" ><\/div><div class=\"thumbnail-overlay\"><div class=\"rbsIcons\"><i class=\"fa fa-image rbsZoomIcon \" ><\/i><\/div><\/div><\/div><\/div><div class=\"rbs-img  category2561 \" ><div class=\"rbs-img-image   rbs-lightbox \" ><div class=\"rbs-img-thumbs\"  data-thumbnail=\"https:\/\/www.mundomuseo.com\/wp-content\/uploads\/2023\/11\/20140701132442494_0020-b-640x480-1.jpg\"  title=\"20140701132442494_0020 b [640x480]\"  data-width=\"640\"  data-height=\"409\" ><\/div><div class=\"rbs-img-data-popup\"  data-popup=\"https:\/\/www.mundomuseo.com\/wp-content\/uploads\/2023\/11\/20140701132442494_0020-b-640x480-1.jpg\"  title=\"20140701132442494_0020 b [640x480]\" ><\/div><div class=\"thumbnail-overlay\"><div class=\"rbsIcons\"><i class=\"fa fa-image rbsZoomIcon \" ><\/i><\/div><\/div><\/div><\/div><div class=\"rbs-img  category2561 \" ><div class=\"rbs-img-image   rbs-lightbox \" ><div class=\"rbs-img-thumbs\"  data-thumbnail=\"https:\/\/www.mundomuseo.com\/wp-content\/uploads\/2023\/11\/20140701132451533_0001-a-640x480-1.jpg\"  title=\"20140701132451533_0001 a [640x480]\"  data-width=\"341\"  data-height=\"480\" ><\/div><div class=\"rbs-img-data-popup\"  data-popup=\"https:\/\/www.mundomuseo.com\/wp-content\/uploads\/2023\/11\/20140701132451533_0001-a-640x480-1.jpg\"  title=\"20140701132451533_0001 a [640x480]\" ><\/div><div class=\"thumbnail-overlay\"><div class=\"rbsIcons\"><i class=\"fa fa-image rbsZoomIcon \" ><\/i><\/div><\/div><\/div><\/div><div class=\"rbs-img  category2561 \" ><div class=\"rbs-img-image   rbs-lightbox \" ><div class=\"rbs-img-thumbs\"  data-thumbnail=\"https:\/\/www.mundomuseo.com\/wp-content\/uploads\/2023\/11\/20140701134223393_0001-a-640x480-1.jpg\"  title=\"20140701134223393_0001 a [640x480]\"  data-width=\"261\"  data-height=\"480\" ><\/div><div class=\"rbs-img-data-popup\"  data-popup=\"https:\/\/www.mundomuseo.com\/wp-content\/uploads\/2023\/11\/20140701134223393_0001-a-640x480-1.jpg\"  title=\"20140701134223393_0001 a [640x480]\" ><\/div><div class=\"thumbnail-overlay\"><div class=\"rbsIcons\"><i class=\"fa fa-image rbsZoomIcon \" ><\/i><\/div><\/div><\/div><\/div><div class=\"rbs-img  category2561 \"  data-columns=\"3\" ><div class=\"rbs-img-image   rbs-lightbox \" ><div class=\"rbs-img-thumbs\"  data-thumbnail=\"https:\/\/www.mundomuseo.com\/wp-content\/uploads\/2023\/11\/20140701134223393_0002-a-640x480-1.jpg\"  title=\"20140701134223393_0002 a [640x480]\"  data-width=\"640\"  data-height=\"454\" ><\/div><div class=\"rbs-img-data-popup\"  data-popup=\"https:\/\/www.mundomuseo.com\/wp-content\/uploads\/2023\/11\/20140701134223393_0002-a-640x480-1.jpg\"  title=\"20140701134223393_0002 a [640x480]\" ><\/div><div class=\"thumbnail-overlay\"><div class=\"rbsIcons\"><i class=\"fa fa-image rbsZoomIcon \" ><\/i><\/div><\/div><\/div><\/div><div class=\"rbs-img  category2561 \" ><div class=\"rbs-img-image   rbs-lightbox \" ><div class=\"rbs-img-thumbs\"  data-thumbnail=\"https:\/\/www.mundomuseo.com\/wp-content\/uploads\/2023\/11\/20140701134223393_0003-a-640x480-1.jpg\"  title=\"20140701134223393_0003 a [640x480]\"  data-width=\"322\"  data-height=\"480\" ><\/div><div class=\"rbs-img-data-popup\"  data-popup=\"https:\/\/www.mundomuseo.com\/wp-content\/uploads\/2023\/11\/20140701134223393_0003-a-640x480-1.jpg\"  title=\"20140701134223393_0003 a [640x480]\" ><\/div><div class=\"thumbnail-overlay\"><div class=\"rbsIcons\"><i class=\"fa fa-image rbsZoomIcon \" ><\/i><\/div><\/div><\/div><\/div><div class=\"rbs-img  category2561 \" ><div class=\"rbs-img-image   rbs-lightbox \" ><div class=\"rbs-img-thumbs\"  data-thumbnail=\"https:\/\/www.mundomuseo.com\/wp-content\/uploads\/2023\/11\/20140701134223393_0004-a-640x480-1.jpg\"  title=\"20140701134223393_0004 a [640x480]\"  data-width=\"391\"  data-height=\"480\" ><\/div><div class=\"rbs-img-data-popup\"  data-popup=\"https:\/\/www.mundomuseo.com\/wp-content\/uploads\/2023\/11\/20140701134223393_0004-a-640x480-1.jpg\"  title=\"20140701134223393_0004 a [640x480]\" ><\/div><div class=\"thumbnail-overlay\"><div class=\"rbsIcons\"><i class=\"fa fa-image rbsZoomIcon \" ><\/i><\/div><\/div><\/div><\/div><\/div><\/div><\/div><script>var rbs_gallery_69fde96068485 = {\"version\":\"5.1.1\",\"id\":2561,\"class\":\"id2561\",\"roboGalleryDelay\":1000,\"mainContainer\":\"#robo_gallery_main_block_rbs_gallery_69fde96068485\",\"loadingContainer\":\"#rbs_gallery_69fde96068485-block-loader\",\"loadingContainerObj\":\"rbs_gallery_69fde96068485-block-loader\",\"columnWidth\":\"auto\",\"columns\":8,\"resolutions\":[{\"columnWidth\":\"auto\",\"columns\":3,\"maxWidth\":960},{\"columnWidth\":\"auto\",\"columns\":2,\"maxWidth\":650},{\"columnWidth\":\"auto\",\"columns\":1,\"maxWidth\":450}],\"lightboxOptions\":{\"gallery\":{\"enabled\":true,\"tCounter\":\"%curr% of %total%\"}},\"borderSize\":5,\"overlayEffect\":\"direction-aware-fade\",\"boxesToLoadStart\":20,\"boxesToLoad\":8,\"waitUntilThumbLoads\":1,\"LoadingWord\":\"Loading...\",\"loadMoreWord\":\"Load More\",\"noMoreEntriesWord\":\"No More Entries\",\"horizontalSpaceBetweenBoxes\":15,\"verticalSpaceBetweenBoxes\":15,\"lazyLoad\":1,\"wrapContainer\":\"#robo-gallery-wrap-rbs_gallery_69fde96068485\"};<\/script>","protected":false},"excerpt":{"rendered":"<p>La fotograf\u00eda antigua son,hoy en d\u00eda, verdaderas obras de arte. En estas fotograf\u00edas se pueden observar: los diferentes tipos de montajes (con&nbsp;sus cartones y parpastus de enmarcado), la variedad de tama\u00f1os en los positivos, el coloreado a mano. el troquelado de los bordes y las emulsiones y materiales usados. Selecci\u00f3n de im\u00e1genes antiguas, la gran [&hellip;]<\/p>\n","protected":false},"author":1,"featured_media":0,"parent":12,"menu_order":0,"comment_status":"closed","ping_status":"closed","template":"","meta":{"ngg_post_thumbnail":0,"footnotes":""},"class_list":["post-1072","page","type-page","status-publish","hentry"],"_links":{"self":[{"href":"https:\/\/www.mundomuseo.com\/index.php?rest_route=\/wp\/v2\/pages\/1072","targetHints":{"allow":["GET"]}}],"collection":[{"href":"https:\/\/www.mundomuseo.com\/index.php?rest_route=\/wp\/v2\/pages"}],"about":[{"href":"https:\/\/www.mundomuseo.com\/index.php?rest_route=\/wp\/v2\/types\/page"}],"author":[{"embeddable":true,"href":"https:\/\/www.mundomuseo.com\/index.php?rest_route=\/wp\/v2\/users\/1"}],"replies":[{"embeddable":true,"href":"https:\/\/www.mundomuseo.com\/index.php?rest_route=%2Fwp%2Fv2%2Fcomments&post=1072"}],"version-history":[{"count":7,"href":"https:\/\/www.mundomuseo.com\/index.php?rest_route=\/wp\/v2\/pages\/1072\/revisions"}],"predecessor-version":[{"id":2592,"href":"https:\/\/www.mundomuseo.com\/index.php?rest_route=\/wp\/v2\/pages\/1072\/revisions\/2592"}],"up":[{"embeddable":true,"href":"https:\/\/www.mundomuseo.com\/index.php?rest_route=\/wp\/v2\/pages\/12"}],"wp:attachment":[{"href":"https:\/\/www.mundomuseo.com\/index.php?rest_route=%2Fwp%2Fv2%2Fmedia&parent=1072"}],"curies":[{"name":"wp","href":"https:\/\/api.w.org\/{rel}","templated":true}]}}